{"id":3126,"date":"2024-04-11T14:19:06","date_gmt":"2024-04-11T12:19:06","guid":{"rendered":"https:\/\/chiliada.pl\/?page_id=3126"},"modified":"2024-04-11T14:58:19","modified_gmt":"2024-04-11T12:58:19","slug":"otwarta-paczka","status":"publish","type":"page","link":"https:\/\/chiliada.pl\/index.php\/otwarta-paczka\/","title":{"rendered":"Otwarta paczka"},"content":{"rendered":"<p><\/p><p>Wprowadzamy now\u0105 us\u0142ug\u0119<strong> &#8222;otwarta paczka&#8221;<\/strong>. <\/p><p>Uwielbiasz wyszukiwa\u0107 dla siebie pere\u0142ki i w ka\u017cdej nowej dostawie co\u015b wpada Ci w oko? Nie chcesz za ka\u017cdym razem p\u0142aci\u0107 za wysy\u0142k\u0119? Z pomoc\u0105 przychodzi &#8222;otwarta paczka&#8221;. To bardzo proste! Wystarczy, \u017ce sk\u0142adaj\u0105c zam\u00f3wienie wybierzesz dogodn\u0105 form\u0119 wysy\u0142ki, a w kolejnym kroku w polu &#8222;<strong>Uwagi do zam\u00f3wienia<\/strong>&#8221; wpiszesz &#8222;<strong>OTWARTA PACZKA<\/strong>&#8221; i op\u0142a\u0107 swoje zam\u00f3wienie.<\/p><p>Od teraz przez 30 dni mo\u017cesz dok\u0142ada\u0107 do swojego zam\u00f3wienia produkty zaznaczaj\u0105c jako wysy\u0142k\u0119 opcj\u0119 &#8222;<strong>Otwarta paczka<\/strong>&#8222;.<\/p><p><strong>Co to jest &#8222;otwarta paczka&#8221;?<\/strong><\/p><p>&#8222;Otwarta paczka&#8221; to w skr\u00f3cie us\u0142uga, kt\u00f3ra \u0142\u0105czy kilka zam\u00f3wie\u0144 w jedno. Wybieraj\u0105c j\u0105 zgadzasz si\u0119 na wstrzymanie wysy\u0142ki obecnego zam\u00f3wienia, w celu po\u0142\u0105czenia go z kolejnymi wysy\u0142kami i wys\u0142aniu w jednej paczce. Dzi\u0119ki temu za dostaw\u0119 p\u0142acisz tylko raz i przez 30 dni mo\u017cesz dok\u0142ada\u0107 kolejne rzeczy. <\/p><p><strong>Jak zamkn\u0105\u0107 &#8222;otwart\u0105 paczk\u0119&#8221;? <\/strong><\/p><p>Wystarczy, \u017ce napiszesz do nas maila na adres <a href=\"mailto:info@chiliada.pl\">info@chiliada.pl<\/a> pro\u015bb\u0119 o zamkni\u0119cie paczki. Twoje zam\u00f3wienie zostanie przygotowane do wysy\u0142ki i wys\u0142ane. <\/p><p><\/p><p><\/p>","protected":false},"excerpt":{"rendered":"<p>Wprowadzamy now\u0105 us\u0142ug\u0119 &#8222;otwarta paczka&#8221;. Uwielbiasz wyszukiwa\u0107 dla siebie pere\u0142ki i w ka\u017cdej nowej dostawie co\u015b wpada Ci w oko? Nie chcesz za ka\u017cdym razem p\u0142aci\u0107 za wysy\u0142k\u0119? Z pomoc\u0105 przychodzi &#8222;otwarta paczka&#8221;. To bardzo proste! Wystarczy, \u017ce sk\u0142adaj\u0105c zam\u00f3wienie wybierzesz dogodn\u0105 form\u0119 wysy\u0142ki, a w kolejnym kroku w polu &#8222;Uwagi do zam\u00f3wienia&#8221; wpiszesz &#8222;OTWARTA [&hellip;]<\/p>\n","protected":false},"author":3,"featured_media":0,"parent":0,"menu_order":0,"comment_status":"closed","ping_status":"closed","template":"","meta":{"footnotes":""},"class_list":["post-3126","page","type-page","status-publish","hentry"],"_links":{"self":[{"href":"https:\/\/chiliada.pl\/index.php\/wp-json\/wp\/v2\/pages\/3126","targetHints":{"allow":["GET"]}}],"collection":[{"href":"https:\/\/chiliada.pl\/index.php\/wp-json\/wp\/v2\/pages"}],"about":[{"href":"https:\/\/chiliada.pl\/index.php\/wp-json\/wp\/v2\/types\/page"}],"author":[{"embeddable":true,"href":"https:\/\/chiliada.pl\/index.php\/wp-json\/wp\/v2\/users\/3"}],"replies":[{"embeddable":true,"href":"https:\/\/chiliada.pl\/index.php\/wp-json\/wp\/v2\/comments?post=3126"}],"version-history":[{"count":3,"href":"https:\/\/chiliada.pl\/index.php\/wp-json\/wp\/v2\/pages\/3126\/revisions"}],"predecessor-version":[{"id":3134,"href":"https:\/\/chiliada.pl\/index.php\/wp-json\/wp\/v2\/pages\/3126\/revisions\/3134"}],"wp:attachment":[{"href":"https:\/\/chiliada.pl\/index.php\/wp-json\/wp\/v2\/media?parent=3126"}],"curies":[{"name":"wp","href":"https:\/\/api.w.org\/{rel}","templated":true}]}}