{"id":51,"date":"2023-04-15T14:06:55","date_gmt":"2023-04-15T12:06:55","guid":{"rendered":"https:\/\/chiliada.pl\/?page_id=51"},"modified":"2023-05-19T20:24:15","modified_gmt":"2023-05-19T18:24:15","slug":"zasady","status":"publish","type":"page","link":"https:\/\/chiliada.pl\/index.php\/zasady\/","title":{"rendered":"Zasady"},"content":{"rendered":"<p class=\"has-text-align-center\"><strong>Zwrot<\/strong><\/p><p>W celu zwrotu towaru Klient w nieprzekraczalnym terminie 14 dni od chwili jego odbioru powinien:<\/p><ul class=\"lista-myslniki wp-block-list\"><li class=\"lista-myslniki\"> \u00a0 z\u0142o\u017cy\u0107 odpowiednie o\u015bwiadczenie o odst\u0105pieniu od umowy przes\u0142ane na maila lub adres firmy wskazany w zak\u0142adce \u201c<a href=\"https:\/\/chiliada.pl\/index.php\/kontakt\/\" data-type=\"URL\" data-id=\"https:\/\/chiliada.pl\/index.php\/kontakt\/\">Kontakt<\/a>\u201d<br><\/li>\n\n<li class=\"lista-myslniki\">  &nbsp; dokona\u0107 zwrotu produktu<br><\/li><\/ul><p>Ca\u0142kowity koszt zwrotu produktu pokrywa Klient.<br><br>Informacja o tym, kiedy Klientowi nie przys\u0142uguje prawo do odst\u0105pienia od umowy zawartej na odleg\u0142o\u015b\u0107 znajduje si\u0119 w <a href=\"https:\/\/chiliada.pl\/index.php\/regulamin#10\" data-type=\"URL\" data-id=\"https:\/\/chiliada.pl\/index.php\/regulamin#10\">\u00a710 Regulaminu<\/a>.<br><br><\/p><p class=\"has-text-align-center\"><strong>Reklamacja<\/strong><br><br><\/p><p>Reklamacje nale\u017cy sk\u0142ada\u0107 pisemnie lub drog\u0105 elektroniczn\u0105 na adres sprzedawcy wskazany w zak\u0142adce \u201c<a href=\"https:\/\/chiliada.pl\/index.php\/kontakt\/\" data-type=\"URL\" data-id=\"https:\/\/chiliada.pl\/index.php\/kontakt\/\">Kontakt<\/a>\u201d.<br><br>Reklamacja powinna zawiera\u0107 mi\u0119dzy innymi: zwi\u0119z\u0142y opis wady, okoliczno\u015bci jej wyst\u0105pienia (w tym dat\u0119), dane Klienta, kt\u00f3ry sk\u0142ada reklamacj\u0119, a tak\u017ce \u017c\u0105danie Klienta w zwi\u0105zku z wad\u0105 towaru. Termin rozpatrzenia reklamacji wynosi 14 dni roboczych od dnia otrzymania przesy\u0142ki od Klienta.<br><br>Asortyment sklepu obejmuje produkty zar\u00f3wno nowe jak i u\u017cywane.<br><br>Sprzedawca jest zobowi\u0105zany dostarczy\u0107 Klientowi towar wolny od wad. Ewentualne wady towaru zamieszczane s\u0105 w opisie produktu.<br><br><\/p>","protected":false},"excerpt":{"rendered":"<p>Zwrot W celu zwrotu towaru Klient w nieprzekraczalnym terminie 14 dni od chwili jego odbioru powinien: Ca\u0142kowity koszt zwrotu produktu pokrywa Klient. Informacja o tym, kiedy Klientowi nie przys\u0142uguje prawo do odst\u0105pienia od umowy zawartej na odleg\u0142o\u015b\u0107 znajduje si\u0119 w \u00a710 Regulaminu. Reklamacja Reklamacje nale\u017cy sk\u0142ada\u0107 pisemnie lub drog\u0105 elektroniczn\u0105 na adres sprzedawcy wskazany w [&hellip;]<\/p>\n","protected":false},"author":1,"featured_media":0,"parent":0,"menu_order":0,"comment_status":"closed","ping_status":"closed","template":"","meta":{"footnotes":""},"class_list":["post-51","page","type-page","status-publish","hentry"],"_links":{"self":[{"href":"https:\/\/chiliada.pl\/index.php\/wp-json\/wp\/v2\/pages\/51","targetHints":{"allow":["GET"]}}],"collection":[{"href":"https:\/\/chiliada.pl\/index.php\/wp-json\/wp\/v2\/pages"}],"about":[{"href":"https:\/\/chiliada.pl\/index.php\/wp-json\/wp\/v2\/types\/page"}],"author":[{"embeddable":true,"href":"https:\/\/chiliada.pl\/index.php\/wp-json\/wp\/v2\/users\/1"}],"replies":[{"embeddable":true,"href":"https:\/\/chiliada.pl\/index.php\/wp-json\/wp\/v2\/comments?post=51"}],"version-history":[{"count":14,"href":"https:\/\/chiliada.pl\/index.php\/wp-json\/wp\/v2\/pages\/51\/revisions"}],"predecessor-version":[{"id":150,"href":"https:\/\/chiliada.pl\/index.php\/wp-json\/wp\/v2\/pages\/51\/revisions\/150"}],"wp:attachment":[{"href":"https:\/\/chiliada.pl\/index.php\/wp-json\/wp\/v2\/media?parent=51"}],"curies":[{"name":"wp","href":"https:\/\/api.w.org\/{rel}","templated":true}]}}