{"id":765,"date":"2023-06-22T16:09:10","date_gmt":"2023-06-22T14:09:10","guid":{"rendered":"https:\/\/chiliada.pl\/?page_id=765"},"modified":"2024-04-12T12:03:48","modified_gmt":"2024-04-12T10:03:48","slug":"wysylka","status":"publish","type":"page","link":"https:\/\/chiliada.pl\/index.php\/wysylka\/","title":{"rendered":"Poznaj nas!"},"content":{"rendered":"<p><br><\/p><p>Posiadamy wyselekcjonowan\u0105 odzie\u017c u\u017cywan\u0105 i outletow\u0105 + dodatki od znanych marek i projektant\u00f3w.<\/p><figure class=\"wp-block-image size-large is-resized\"><img loading=\"lazy\" decoding=\"async\" width=\"1024\" height=\"683\" src=\"https:\/\/chiliada.pl\/wp-content\/uploads\/2023\/07\/AdobeStock_170068438-1024x683.jpeg\" alt=\"\" class=\"wp-image-1161\" style=\"width:352px;height:234px\" srcset=\"https:\/\/chiliada.pl\/wp-content\/uploads\/2023\/07\/AdobeStock_170068438-1024x683.jpeg 1024w, https:\/\/chiliada.pl\/wp-content\/uploads\/2023\/07\/AdobeStock_170068438-scaled-530x353.jpeg 530w, https:\/\/chiliada.pl\/wp-content\/uploads\/2023\/07\/AdobeStock_170068438-300x200.jpeg 300w, https:\/\/chiliada.pl\/wp-content\/uploads\/2023\/07\/AdobeStock_170068438-768x512.jpeg 768w, https:\/\/chiliada.pl\/wp-content\/uploads\/2023\/07\/AdobeStock_170068438-1536x1024.jpeg 1536w, https:\/\/chiliada.pl\/wp-content\/uploads\/2023\/07\/AdobeStock_170068438-2048x1365.jpeg 2048w, https:\/\/chiliada.pl\/wp-content\/uploads\/2023\/07\/AdobeStock_170068438-1320x880.jpeg 1320w\" sizes=\"auto, (max-width: 1024px) 100vw, 1024px\" \/><\/figure><p><\/p><p><\/p><p> Wygl\u0105daj jak milion dolar\u00f3w, ubierz ca\u0142\u0105 rodzin\u0119 i znajd\u017a pere\u0142ki do swojego domu! <\/p><figure class=\"wp-block-image size-large is-resized\"><img loading=\"lazy\" decoding=\"async\" width=\"683\" height=\"1024\" src=\"https:\/\/chiliada.pl\/wp-content\/uploads\/2023\/07\/kaboompics_home-office-on-the-sofa-laptop-books-blanket-29671-683x1024.jpg\" alt=\"\" class=\"wp-image-1166\" style=\"width:252px;height:378px\" srcset=\"https:\/\/chiliada.pl\/wp-content\/uploads\/2023\/07\/kaboompics_home-office-on-the-sofa-laptop-books-blanket-29671-683x1024.jpg 683w, https:\/\/chiliada.pl\/wp-content\/uploads\/2023\/07\/kaboompics_home-office-on-the-sofa-laptop-books-blanket-29671-scaled-241x362.jpg 241w, https:\/\/chiliada.pl\/wp-content\/uploads\/2023\/07\/kaboompics_home-office-on-the-sofa-laptop-books-blanket-29671-scaled-530x795.jpg 530w, https:\/\/chiliada.pl\/wp-content\/uploads\/2023\/07\/kaboompics_home-office-on-the-sofa-laptop-books-blanket-29671-200x300.jpg 200w, https:\/\/chiliada.pl\/wp-content\/uploads\/2023\/07\/kaboompics_home-office-on-the-sofa-laptop-books-blanket-29671-768x1152.jpg 768w, https:\/\/chiliada.pl\/wp-content\/uploads\/2023\/07\/kaboompics_home-office-on-the-sofa-laptop-books-blanket-29671-1024x1536.jpg 1024w, https:\/\/chiliada.pl\/wp-content\/uploads\/2023\/07\/kaboompics_home-office-on-the-sofa-laptop-books-blanket-29671-1365x2048.jpg 1365w, https:\/\/chiliada.pl\/wp-content\/uploads\/2023\/07\/kaboompics_home-office-on-the-sofa-laptop-books-blanket-29671-1320x1980.jpg 1320w, https:\/\/chiliada.pl\/wp-content\/uploads\/2023\/07\/kaboompics_home-office-on-the-sofa-laptop-books-blanket-29671-scaled.jpg 1707w\" sizes=\"auto, (max-width: 683px) 100vw, 683px\" \/><\/figure><p>Dbamy o szerok\u0105 gam\u0119 produkt\u00f3w, a tak\u017ce ich najwy\u017csz\u0105 jako\u015b\u0107, aby ka\u017cdy m\u00f3g\u0142 znale\u017a\u0107 co\u015b dla siebie. Nasz second hand sprawi, \u017ce poczujesz si\u0119 jeszcze bardziej atrakcyjnie!<\/p><figure class=\"wp-block-image size-large is-resized\"><img loading=\"lazy\" decoding=\"async\" width=\"1024\" height=\"963\" src=\"https:\/\/chiliada.pl\/wp-content\/uploads\/2023\/07\/AdobeStock_252141375-1024x963.jpeg\" alt=\"\" class=\"wp-image-1167\" style=\"width:302px;height:283px\" srcset=\"https:\/\/chiliada.pl\/wp-content\/uploads\/2023\/07\/AdobeStock_252141375-1024x963.jpeg 1024w, https:\/\/chiliada.pl\/wp-content\/uploads\/2023\/07\/AdobeStock_252141375-scaled-530x499.jpeg 530w, https:\/\/chiliada.pl\/wp-content\/uploads\/2023\/07\/AdobeStock_252141375-300x282.jpeg 300w, https:\/\/chiliada.pl\/wp-content\/uploads\/2023\/07\/AdobeStock_252141375-768x722.jpeg 768w, https:\/\/chiliada.pl\/wp-content\/uploads\/2023\/07\/AdobeStock_252141375-1536x1445.jpeg 1536w, https:\/\/chiliada.pl\/wp-content\/uploads\/2023\/07\/AdobeStock_252141375-2048x1926.jpeg 2048w, https:\/\/chiliada.pl\/wp-content\/uploads\/2023\/07\/AdobeStock_252141375-1320x1241.jpeg 1320w\" sizes=\"auto, (max-width: 1024px) 100vw, 1024px\" \/><\/figure><p><strong>Dlaczego warto wybra\u0107 nasz sklep? <\/strong><\/p><ol class=\"wp-block-list\"><li><strong>Unikalna oferta produkt\u00f3w:<\/strong> Chiliada.pl oferuje szeroki wyb\u00f3r ubra\u0144, obuwia, akcesori\u00f3w i innych przedmiot\u00f3w. Dzi\u0119ki temu mo\u017cna znale\u017a\u0107 <strong>unikalne <\/strong>i <strong>oryginalne<\/strong> przedmioty, kt\u00f3re <strong>nie s\u0105 dost\u0119pne w tradycyjnych sklepach<\/strong>. Mo\u017cesz natrafi\u0107 na vintage&#8217;owe ubrania, oryginalne akcesoria czy te\u017c designerskie dzie\u0142a sztuki.<\/li>\n\n<li><strong>Ekologiczny wyb\u00f3r:<\/strong> Kupowanie u\u017cywanych produkt\u00f3w to zr\u00f3wnowa\u017cony spos\u00f3b na robienie zakup\u00f3w, poniewa\u017c pozwala zmniejszy\u0107 ilo\u015b\u0107 odpad\u00f3w i zu\u017cycie zasob\u00f3w naturalnych zwi\u0105zanych z produkcj\u0105 nowych przedmiot\u00f3w. W ten spos\u00f3b wspierasz ide\u0119 recyklingu i redukcji marnowania zasob\u00f3w.<\/li>\n\n<li><strong>Oszcz\u0119dno\u015b\u0107 pieni\u0119dzy i <strong>ekskluzywne marki w przyst\u0119pnych cenach<\/strong>:<\/strong> Produkty dost\u0119pne w  naszym second handzie s\u0105 znacznie ta\u0144sze ni\u017c nowe. Dzi\u0119ki temu mo\u017cna zaoszcz\u0119dzi\u0107 sporo pieni\u0119dzy, kupuj\u0105c u\u017cywane ubrania i przedmioty codziennego u\u017cytku.  To doskona\u0142a okazja dla mi\u0142o\u015bnik\u00f3w mody, kt\u00f3rzy chc\u0105 zaoszcz\u0119dzi\u0107 pieni\u0105dze, nie rezygnuj\u0105c z jako\u015bci.<\/li>\n\n<li><strong>Zr\u00f3\u017cnicowany wyb\u00f3r:<\/strong> W second handach mo\u017cna znale\u017a\u0107 produkty r\u00f3\u017cnych marek, styl\u00f3w i rozmiar\u00f3w, co daje mo\u017cliwo\u015b\u0107 wyboru spo\u015br\u00f3d szerokiej gamy opcji.<\/li>\n\n<li><strong>\u0141atwo\u015b\u0107 zakup\u00f3w online:<\/strong> Chiliada.pl oferuje mo\u017cliwo\u015b\u0107 zakup\u00f3w online, co sprawia, \u017ce jest wygodnym rozwi\u0105zaniem dla os\u00f3b, kt\u00f3re preferuj\u0105 zakupy przez internet. Mo\u017cesz spokojnie pi\u0107 kaw\u0119 i przegl\u0105da\u0107 nowe pere\u0142ki.<\/li>\n\n<li><strong>Wprowadzanie zmian w spo\u0142ecze\u0144stwie:<\/strong> Poprzez zakupy w second handach, w tym w chiliada.pl, mo\u017cesz r\u00f3wnie\u017c przyczyni\u0107 si\u0119 do zmian w spo\u0142ecze\u0144stwie poprzez promowanie gospodarki obiegu zamkni\u0119tego oraz zr\u00f3wnowa\u017conego stylu \u017cycia. Twoje zakupy mog\u0105 mie\u0107 pozytywny wp\u0142yw na kultur\u0119 konsumpcji.<\/li>\n\n<li><strong>\u015awiadomo\u015b\u0107 spo\u0142eczna:<\/strong> Firma chiliada.pl cz\u0119sto anga\u017cuje si\u0119 w dzia\u0142ania spo\u0142eczne i edukacyjne, promuj\u0105c warto\u015bci zr\u00f3wnowa\u017conego rozwoju, recyklingu i ochrony \u015brodowiska. Poprzez wsparcie takich przedsi\u0119wzi\u0119\u0107, wspierasz tak\u017ce ich cele spo\u0142eczne i edukacyjne.<\/li>\n\n<li><strong>Bezpiecze\u0144stwo zakup\u00f3w online:<\/strong> Chiliada.pl dba o bezpiecze\u0144stwo swoich klient\u00f3w, zapewniaj\u0105c bezpieczne i sprawdzone zakupy online. Dzi\u0119ki temu mo\u017cesz mie\u0107 pewno\u015b\u0107, \u017ce Twoje transakcje s\u0105 chronione, a Twoje dane osobowe s\u0105 bezpieczne.<\/li><\/ol><p>Warto nas wybra\u0107, bo przyczyniamy si\u0119 do ochrony \u015brodowiska poprzez promowanie zr\u00f3wnowa\u017conego sposobu \u017cycia. Chiliada.pl staje si\u0119 atrakcyjnym miejscem zar\u00f3wno dla entuzjast\u00f3w zakup\u00f3w, jak i dla tych, kt\u00f3rzy chc\u0105 dokona\u0107 \u015bwiadomych wybor\u00f3w konsumenckich, dbaj\u0105c jednocze\u015bnie o \u015brodowisko i spo\u0142ecze\u0144stwo.<\/p>","protected":false},"excerpt":{"rendered":"<p>Posiadamy wyselekcjonowan\u0105 odzie\u017c u\u017cywan\u0105 i outletow\u0105 + dodatki od znanych marek i projektant\u00f3w. Wygl\u0105daj jak milion dolar\u00f3w, ubierz ca\u0142\u0105 rodzin\u0119 i znajd\u017a pere\u0142ki do swojego domu! Dbamy o szerok\u0105 gam\u0119 produkt\u00f3w, a tak\u017ce ich najwy\u017csz\u0105 jako\u015b\u0107, aby ka\u017cdy m\u00f3g\u0142 znale\u017a\u0107 co\u015b dla siebie. Nasz second hand sprawi, \u017ce poczujesz si\u0119 jeszcze bardziej atrakcyjnie! Dlaczego warto [&hellip;]<\/p>\n","protected":false},"author":3,"featured_media":0,"parent":0,"menu_order":0,"comment_status":"closed","ping_status":"closed","template":"","meta":{"footnotes":""},"class_list":["post-765","page","type-page","status-publish","hentry"],"_links":{"self":[{"href":"https:\/\/chiliada.pl\/index.php\/wp-json\/wp\/v2\/pages\/765","targetHints":{"allow":["GET"]}}],"collection":[{"href":"https:\/\/chiliada.pl\/index.php\/wp-json\/wp\/v2\/pages"}],"about":[{"href":"https:\/\/chiliada.pl\/index.php\/wp-json\/wp\/v2\/types\/page"}],"author":[{"embeddable":true,"href":"https:\/\/chiliada.pl\/index.php\/wp-json\/wp\/v2\/users\/3"}],"replies":[{"embeddable":true,"href":"https:\/\/chiliada.pl\/index.php\/wp-json\/wp\/v2\/comments?post=765"}],"version-history":[{"count":10,"href":"https:\/\/chiliada.pl\/index.php\/wp-json\/wp\/v2\/pages\/765\/revisions"}],"predecessor-version":[{"id":3152,"href":"https:\/\/chiliada.pl\/index.php\/wp-json\/wp\/v2\/pages\/765\/revisions\/3152"}],"wp:attachment":[{"href":"https:\/\/chiliada.pl\/index.php\/wp-json\/wp\/v2\/media?parent=765"}],"curies":[{"name":"wp","href":"https:\/\/api.w.org\/{rel}","templated":true}]}}