{"id":1050,"date":"2023-07-05T16:17:41","date_gmt":"2023-07-05T14:17:41","guid":{"rendered":"https:\/\/chiliada.pl\/?post_type=product&#038;p=1050"},"modified":"2024-04-15T00:08:31","modified_gmt":"2024-04-14T22:08:31","slug":"sukienka-khaki-z-guma-w-pasie-m-hm","status":"publish","type":"product","link":"https:\/\/chiliada.pl\/index.php\/produkt\/sukienka-khaki-z-guma-w-pasie-m-hm\/","title":{"rendered":"Sukienka khaki z gum\u0105 w pasie M H&amp;M 49% modal, 51% bawe\u0142na"},"content":{"rendered":"","protected":false},"excerpt":{"rendered":"<p><strong>Wymiary podawane na p\u0142asko:<\/strong><\/p>\n<p>d\u0142ugo\u015b\u0107 ca\u0142kowita \u2013 92 cm<\/p>\n<p>od pachy do pachy \u2013\u00a0 50 cm<\/p>\n<p>biodra \u2013 55 cm<\/p>\n<p>gumka w pasie &#8211; 35 cm (rozci\u0105ga si\u0119 do 50 cm)<\/p>\n","protected":false},"featured_media":2425,"comment_status":"open","ping_status":"closed","template":"","meta":[],"product_brand":[],"product_cat":[335,292,35,19,41],"product_tag":[],"class_list":{"0":"post-1050","1":"product","2":"type-product","3":"status-publish","4":"has-post-thumbnail","6":"product_cat-rozmiar-m","7":"product_cat-sukienki-krotkie","8":"product_cat-kategorie","9":"product_cat-ubrania-damskie","10":"product_cat-sukienki","12":"first","13":"instock","14":"taxable","15":"shipping-taxable","16":"product-type-simple"},"_links":{"self":[{"href":"https:\/\/chiliada.pl\/index.php\/wp-json\/wp\/v2\/product\/1050","targetHints":{"allow":["GET"]}}],"collection":[{"href":"https:\/\/chiliada.pl\/index.php\/wp-json\/wp\/v2\/product"}],"about":[{"href":"https:\/\/chiliada.pl\/index.php\/wp-json\/wp\/v2\/types\/product"}],"replies":[{"embeddable":true,"href":"https:\/\/chiliada.pl\/index.php\/wp-json\/wp\/v2\/comments?post=1050"}],"wp:featuredmedia":[{"embeddable":true,"href":"https:\/\/chiliada.pl\/index.php\/wp-json\/wp\/v2\/media\/2425"}],"wp:attachment":[{"href":"https:\/\/chiliada.pl\/index.php\/wp-json\/wp\/v2\/media?parent=1050"}],"wp:term":[{"taxonomy":"product_brand","embeddable":true,"href":"https:\/\/chiliada.pl\/index.php\/wp-json\/wp\/v2\/product_brand?post=1050"},{"taxonomy":"product_cat","embeddable":true,"href":"https:\/\/chiliada.pl\/index.php\/wp-json\/wp\/v2\/product_cat?post=1050"},{"taxonomy":"product_tag","embeddable":true,"href":"https:\/\/chiliada.pl\/index.php\/wp-json\/wp\/v2\/product_tag?post=1050"}],"curies":[{"name":"wp","href":"https:\/\/api.w.org\/{rel}","templated":true}]}}