{"id":1138,"date":"2023-07-14T20:00:41","date_gmt":"2023-07-14T18:00:41","guid":{"rendered":"https:\/\/chiliada.pl\/?post_type=product&#038;p=1138"},"modified":"2024-04-14T23:46:21","modified_gmt":"2024-04-14T21:46:21","slug":"sukienka-xl-zizzi","status":"publish","type":"product","link":"https:\/\/chiliada.pl\/index.php\/produkt\/sukienka-xl-zizzi\/","title":{"rendered":"Sukienka XL Zizzi 100% wiskoza"},"content":{"rendered":"<div class=\"w-full text-token-text-primary\" dir=\"auto\" data-testid=\"conversation-turn-5\">\n<div class=\"px-4 py-2 justify-center text-base md:gap-6 m-auto\">\n<div class=\"flex flex-1 text-base mx-auto gap-3 juice:gap-4 juice:md:gap-6 md:px-5 lg:px-1 xl:px-5 md:max-w-3xl lg:max-w-[40rem] xl:max-w-[48rem] group final-completion\">\n<div class=\"relative flex w-full flex-col agent-turn\">\n<div class=\"flex-col gap-1 md:gap-3\">\n<div class=\"flex flex-grow flex-col max-w-full\">\n<div class=\"min-h-[20px] text-message flex flex-col items-start gap-3 whitespace-pre-wrap break-words [.text-message+&amp;]:mt-5 overflow-x-auto\" dir=\"auto\" data-message-author-role=\"assistant\" data-message-id=\"d4cf7084-ebd9-4d90-be82-653b3d561988\">\n<div class=\"markdown prose w-full break-words dark:prose-invert light\">\n<p>Zizzi to marka odzie\u017cowa, kt\u00f3ra specjalizuje si\u0119 w modzie dla kobiet o pe\u0142niejszych kszta\u0142tach. Firma zosta\u0142a za\u0142o\u017cona w Danii w 2000 roku i od tego czasu zyska\u0142a szerokie uznanie w\u015br\u00f3d klientek poszukuj\u0105cych modnych i wygodnych ubra\u0144 w rozmiarach plus size.<\/p>\n<p>G\u0142\u00f3wn\u0105 ide\u0105 marki Zizzi jest stworzenie kolekcji, kt\u00f3ra nie tylko podkre\u015bla naturalne pi\u0119kno kobiecej sylwetki, ale r\u00f3wnie\u017c jest zgodna z najnowszymi trendami modowymi.<\/p>\n<p>Co wyr\u00f3\u017cnia mark\u0119 Zizzi spo\u015br\u00f3d innych firm odzie\u017cowych, to jej podej\u015bcie do projektowania, kt\u00f3re skupia si\u0119 na komforcie, jako\u015bci materia\u0142\u00f3w oraz modnych detalach. Zizzi d\u0105\u017cy do tego, aby kobiety nosz\u0105ce wi\u0119ksze rozmiary mog\u0142y cieszy\u0107 si\u0119 mod\u0105 na r\u00f3wnych zasadach, oferuj\u0105c im stylowe i dopasowane do ich potrzeb ubrania.<\/p>\n<p>Marka Zizzi dzia\u0142a nie tylko w Europie, ale tak\u017ce na rynkach mi\u0119dzynarodowych, zdobywaj\u0105c lojalno\u015b\u0107 klientek na ca\u0142ym \u015bwiecie. Jej popularno\u015b\u0107 wynika z po\u0142\u0105czenia wysokiej jako\u015bci produkt\u00f3w z zrozumieniem potrzeb i oczekiwa\u0144 kobiet o r\u00f3\u017cnych kszta\u0142tach cia\u0142a.<\/p>\n<\/div>\n<\/div>\n<\/div>\n<div class=\"pr-2 lg:pr-0\"><\/div>\n<\/div>\n<div class=\"absolute\">\n<div class=\"flex w-full gap-2 items-center justify-center\"><\/div>\n<\/div>\n<\/div>\n<\/div>\n<\/div>\n<\/div>\n<div class=\"mx-auto\">\n<div>\n<div class=\"mx-auto mt-2 inline-flex rounded-xl border border-gray-100 dark:border-gray-700\"><\/div>\n<\/div>\n<\/div>\n<p>&nbsp;<\/p>\n","protected":false},"excerpt":{"rendered":"<p>Cena katalogowa to 280 z\u0142.<\/p>\n<p>&nbsp;<\/p>\n<p><strong>Wymiary podawane na p\u0142asko:<\/strong><\/p>\n<p>d\u0142ugo\u015b\u0107 ca\u0142kowita (prz\u00f3d) \u2013 86 cm<\/p>\n<p>d\u0142ugo\u015b\u0107 ca\u0142kowita (ty\u0142) \u2013\u00a0 92 cm<\/p>\n<p>od pachy do pachy \u2013\u00a0 56 cm<\/p>\n<p>pas\u00a0 \u2013 55 cm<\/p>\n<p>biodra &#8211; 64 cm<\/p>\n","protected":false},"featured_media":2662,"comment_status":"open","ping_status":"closed","template":"","meta":[],"product_brand":[],"product_cat":[337,292,35,19,41],"product_tag":[],"class_list":{"0":"post-1138","1":"product","2":"type-product","3":"status-publish","4":"has-post-thumbnail","6":"product_cat-rozmiar-xl","7":"product_cat-sukienki-krotkie","8":"product_cat-kategorie","9":"product_cat-ubrania-damskie","10":"product_cat-sukienki","12":"first","13":"instock","14":"taxable","15":"shipping-taxable","16":"product-type-simple"},"_links":{"self":[{"href":"https:\/\/chiliada.pl\/index.php\/wp-json\/wp\/v2\/product\/1138","targetHints":{"allow":["GET"]}}],"collection":[{"href":"https:\/\/chiliada.pl\/index.php\/wp-json\/wp\/v2\/product"}],"about":[{"href":"https:\/\/chiliada.pl\/index.php\/wp-json\/wp\/v2\/types\/product"}],"replies":[{"embeddable":true,"href":"https:\/\/chiliada.pl\/index.php\/wp-json\/wp\/v2\/comments?post=1138"}],"wp:featuredmedia":[{"embeddable":true,"href":"https:\/\/chiliada.pl\/index.php\/wp-json\/wp\/v2\/media\/2662"}],"wp:attachment":[{"href":"https:\/\/chiliada.pl\/index.php\/wp-json\/wp\/v2\/media?parent=1138"}],"wp:term":[{"taxonomy":"product_brand","embeddable":true,"href":"https:\/\/chiliada.pl\/index.php\/wp-json\/wp\/v2\/product_brand?post=1138"},{"taxonomy":"product_cat","embeddable":true,"href":"https:\/\/chiliada.pl\/index.php\/wp-json\/wp\/v2\/product_cat?post=1138"},{"taxonomy":"product_tag","embeddable":true,"href":"https:\/\/chiliada.pl\/index.php\/wp-json\/wp\/v2\/product_tag?post=1138"}],"curies":[{"name":"wp","href":"https:\/\/api.w.org\/{rel}","templated":true}]}}