{"id":1214,"date":"2023-07-14T20:00:29","date_gmt":"2023-07-14T18:00:29","guid":{"rendered":"https:\/\/chiliada.pl\/?post_type=product&#038;p=1214"},"modified":"2024-04-15T21:25:04","modified_gmt":"2024-04-15T19:25:04","slug":"blekitna-koszula-meska-w-krateczke-t-m-lewin","status":"publish","type":"product","link":"https:\/\/chiliada.pl\/index.php\/produkt\/blekitna-koszula-meska-w-krateczke-t-m-lewin\/","title":{"rendered":"B\u0142\u0119kitna koszula m\u0119ska w krateczk\u0119 T.M. LEWIN 95% bawe\u0142na"},"content":{"rendered":"","protected":false},"excerpt":{"rendered":"<p>Cena katalogowa to 350 z\u0142<\/p>\n","protected":false},"featured_media":1313,"comment_status":"open","ping_status":"closed","template":"","meta":[],"product_brand":[],"product_cat":[35,20,57],"product_tag":[],"class_list":{"0":"post-1214","1":"product","2":"type-product","3":"status-publish","4":"has-post-thumbnail","6":"product_cat-kategorie","7":"product_cat-ubrania-meskie","8":"product_cat-koszule","10":"first","11":"instock","12":"taxable","13":"shipping-taxable","14":"product-type-simple"},"_links":{"self":[{"href":"https:\/\/chiliada.pl\/index.php\/wp-json\/wp\/v2\/product\/1214","targetHints":{"allow":["GET"]}}],"collection":[{"href":"https:\/\/chiliada.pl\/index.php\/wp-json\/wp\/v2\/product"}],"about":[{"href":"https:\/\/chiliada.pl\/index.php\/wp-json\/wp\/v2\/types\/product"}],"replies":[{"embeddable":true,"href":"https:\/\/chiliada.pl\/index.php\/wp-json\/wp\/v2\/comments?post=1214"}],"wp:featuredmedia":[{"embeddable":true,"href":"https:\/\/chiliada.pl\/index.php\/wp-json\/wp\/v2\/media\/1313"}],"wp:attachment":[{"href":"https:\/\/chiliada.pl\/index.php\/wp-json\/wp\/v2\/media?parent=1214"}],"wp:term":[{"taxonomy":"product_brand","embeddable":true,"href":"https:\/\/chiliada.pl\/index.php\/wp-json\/wp\/v2\/product_brand?post=1214"},{"taxonomy":"product_cat","embeddable":true,"href":"https:\/\/chiliada.pl\/index.php\/wp-json\/wp\/v2\/product_cat?post=1214"},{"taxonomy":"product_tag","embeddable":true,"href":"https:\/\/chiliada.pl\/index.php\/wp-json\/wp\/v2\/product_tag?post=1214"}],"curies":[{"name":"wp","href":"https:\/\/api.w.org\/{rel}","templated":true}]}}