{"id":1306,"date":"2023-07-14T20:00:26","date_gmt":"2023-07-14T18:00:26","guid":{"rendered":"https:\/\/chiliada.pl\/?post_type=product&#038;p=1306"},"modified":"2024-04-15T21:23:29","modified_gmt":"2024-04-15T19:23:29","slug":"koszula-meska-39-m-sand-kopenhagen-2","status":"publish","type":"product","link":"https:\/\/chiliada.pl\/index.php\/produkt\/koszula-meska-39-m-sand-kopenhagen-2\/","title":{"rendered":"Koszula m\u0119ska 39 M Sand Kopenhagen 100% bawe\u0142na"},"content":{"rendered":"","protected":false},"excerpt":{"rendered":"<p>Cena katalogowa to 750 z\u0142.<\/p>\n","protected":false},"featured_media":1298,"comment_status":"open","ping_status":"closed","template":"","meta":[],"product_brand":[],"product_cat":[391,389,35,20,57],"product_tag":[],"class_list":{"0":"post-1306","1":"product","2":"type-product","3":"status-publish","4":"has-post-thumbnail","6":"product_cat-meskie-premium","7":"product_cat-odziez-premium","8":"product_cat-kategorie","9":"product_cat-ubrania-meskie","10":"product_cat-koszule","12":"first","13":"instock","14":"taxable","15":"shipping-taxable","16":"product-type-simple"},"_links":{"self":[{"href":"https:\/\/chiliada.pl\/index.php\/wp-json\/wp\/v2\/product\/1306","targetHints":{"allow":["GET"]}}],"collection":[{"href":"https:\/\/chiliada.pl\/index.php\/wp-json\/wp\/v2\/product"}],"about":[{"href":"https:\/\/chiliada.pl\/index.php\/wp-json\/wp\/v2\/types\/product"}],"replies":[{"embeddable":true,"href":"https:\/\/chiliada.pl\/index.php\/wp-json\/wp\/v2\/comments?post=1306"}],"wp:featuredmedia":[{"embeddable":true,"href":"https:\/\/chiliada.pl\/index.php\/wp-json\/wp\/v2\/media\/1298"}],"wp:attachment":[{"href":"https:\/\/chiliada.pl\/index.php\/wp-json\/wp\/v2\/media?parent=1306"}],"wp:term":[{"taxonomy":"product_brand","embeddable":true,"href":"https:\/\/chiliada.pl\/index.php\/wp-json\/wp\/v2\/product_brand?post=1306"},{"taxonomy":"product_cat","embeddable":true,"href":"https:\/\/chiliada.pl\/index.php\/wp-json\/wp\/v2\/product_cat?post=1306"},{"taxonomy":"product_tag","embeddable":true,"href":"https:\/\/chiliada.pl\/index.php\/wp-json\/wp\/v2\/product_tag?post=1306"}],"curies":[{"name":"wp","href":"https:\/\/api.w.org\/{rel}","templated":true}]}}