{"id":1540,"date":"2023-07-15T16:55:09","date_gmt":"2023-07-15T14:55:09","guid":{"rendered":"https:\/\/chiliada.pl\/?post_type=product&#038;p=1540"},"modified":"2024-04-15T00:00:29","modified_gmt":"2024-04-14T22:00:29","slug":"sukienka-m-hm-100-wiskoza","status":"publish","type":"product","link":"https:\/\/chiliada.pl\/index.php\/produkt\/sukienka-m-hm-100-wiskoza\/","title":{"rendered":"Sukienka M H&amp;M 100% wiskoza"},"content":{"rendered":"","protected":false},"excerpt":{"rendered":"<p>Kr\u00f3tka sukienka z wiskozowej tkaniny na w\u0105skich regulowanych rami\u0105czkach. Dekolt w serek, wi\u0105zanie z przodu, elastyczne odci\u0119cie w talii. Bez podszewki.<\/p>\n<p><strong>Wymiary podawane na p\u0142asko:<\/strong><\/p>\n<p>d\u0142ugo\u015b\u0107 ca\u0142kowita &#8211; 86 cm<\/p>\n<p>od pachy do pachy &#8211; 42 cm<\/p>\n<p>biodra &#8211; 52 cm<\/p>\n<p>Materia\u0142 jest<strong> elastyczny.<\/strong><\/p>\n<p>&nbsp;<\/p>\n","protected":false},"featured_media":2300,"comment_status":"open","ping_status":"closed","template":"","meta":[],"product_brand":[],"product_cat":[335,292,35,19,41],"product_tag":[],"class_list":{"0":"post-1540","1":"product","2":"type-product","3":"status-publish","4":"has-post-thumbnail","6":"product_cat-rozmiar-m","7":"product_cat-sukienki-krotkie","8":"product_cat-kategorie","9":"product_cat-ubrania-damskie","10":"product_cat-sukienki","12":"first","13":"instock","14":"taxable","15":"shipping-taxable","16":"product-type-simple"},"_links":{"self":[{"href":"https:\/\/chiliada.pl\/index.php\/wp-json\/wp\/v2\/product\/1540","targetHints":{"allow":["GET"]}}],"collection":[{"href":"https:\/\/chiliada.pl\/index.php\/wp-json\/wp\/v2\/product"}],"about":[{"href":"https:\/\/chiliada.pl\/index.php\/wp-json\/wp\/v2\/types\/product"}],"replies":[{"embeddable":true,"href":"https:\/\/chiliada.pl\/index.php\/wp-json\/wp\/v2\/comments?post=1540"}],"wp:featuredmedia":[{"embeddable":true,"href":"https:\/\/chiliada.pl\/index.php\/wp-json\/wp\/v2\/media\/2300"}],"wp:attachment":[{"href":"https:\/\/chiliada.pl\/index.php\/wp-json\/wp\/v2\/media?parent=1540"}],"wp:term":[{"taxonomy":"product_brand","embeddable":true,"href":"https:\/\/chiliada.pl\/index.php\/wp-json\/wp\/v2\/product_brand?post=1540"},{"taxonomy":"product_cat","embeddable":true,"href":"https:\/\/chiliada.pl\/index.php\/wp-json\/wp\/v2\/product_cat?post=1540"},{"taxonomy":"product_tag","embeddable":true,"href":"https:\/\/chiliada.pl\/index.php\/wp-json\/wp\/v2\/product_tag?post=1540"}],"curies":[{"name":"wp","href":"https:\/\/api.w.org\/{rel}","templated":true}]}}