{"id":1544,"date":"2023-07-15T16:54:50","date_gmt":"2023-07-15T14:54:50","guid":{"rendered":"https:\/\/chiliada.pl\/?post_type=product&#038;p=1544"},"modified":"2024-09-04T15:06:28","modified_gmt":"2024-09-04T13:06:28","slug":"kombinezon-m-hm-100-wiskoza","status":"publish","type":"product","link":"https:\/\/chiliada.pl\/index.php\/produkt\/kombinezon-m-hm-100-wiskoza\/","title":{"rendered":"Kombinezon M h&amp;M 100% wiskoza"},"content":{"rendered":"","protected":false},"excerpt":{"rendered":"<p><strong>Wymiary podawane na p\u0142asko:<\/strong><\/p>\n<p>d\u0142ugo\u015b\u0107 ca\u0142kowita \u2013\u00a0 80 cm<\/p>\n<p>od pachy do pachy \u2013 50\u00a0 cm<\/p>\n<p>gumka w pasie \u2013\u00a0 39 cm (rozci\u0105ga si\u0119 do 50 cm)<\/p>\n<p>biodra &#8211; 64 cm<\/p>\n","protected":false},"featured_media":2327,"comment_status":"open","ping_status":"closed","template":"","meta":[],"product_brand":[],"product_cat":[361,335,35,19,89],"product_tag":[],"class_list":{"0":"post-1544","1":"product","2":"type-product","3":"status-publish","4":"has-post-thumbnail","6":"product_cat-kombinezony-krotkie","7":"product_cat-rozmiar-m","8":"product_cat-kategorie","9":"product_cat-ubrania-damskie","10":"product_cat-kombinezony","12":"first","13":"instock","14":"taxable","15":"shipping-taxable","16":"product-type-simple"},"_links":{"self":[{"href":"https:\/\/chiliada.pl\/index.php\/wp-json\/wp\/v2\/product\/1544","targetHints":{"allow":["GET"]}}],"collection":[{"href":"https:\/\/chiliada.pl\/index.php\/wp-json\/wp\/v2\/product"}],"about":[{"href":"https:\/\/chiliada.pl\/index.php\/wp-json\/wp\/v2\/types\/product"}],"replies":[{"embeddable":true,"href":"https:\/\/chiliada.pl\/index.php\/wp-json\/wp\/v2\/comments?post=1544"}],"wp:featuredmedia":[{"embeddable":true,"href":"https:\/\/chiliada.pl\/index.php\/wp-json\/wp\/v2\/media\/2327"}],"wp:attachment":[{"href":"https:\/\/chiliada.pl\/index.php\/wp-json\/wp\/v2\/media?parent=1544"}],"wp:term":[{"taxonomy":"product_brand","embeddable":true,"href":"https:\/\/chiliada.pl\/index.php\/wp-json\/wp\/v2\/product_brand?post=1544"},{"taxonomy":"product_cat","embeddable":true,"href":"https:\/\/chiliada.pl\/index.php\/wp-json\/wp\/v2\/product_cat?post=1544"},{"taxonomy":"product_tag","embeddable":true,"href":"https:\/\/chiliada.pl\/index.php\/wp-json\/wp\/v2\/product_tag?post=1544"}],"curies":[{"name":"wp","href":"https:\/\/api.w.org\/{rel}","templated":true}]}}