{"id":1623,"date":"2023-07-15T20:10:53","date_gmt":"2023-07-15T18:10:53","guid":{"rendered":"https:\/\/chiliada.pl\/?post_type=product&#038;p=1623"},"modified":"2024-04-15T00:46:29","modified_gmt":"2024-04-14T22:46:29","slug":"kombinezon-m-atmosphere-100-wiskoza","status":"publish","type":"product","link":"https:\/\/chiliada.pl\/index.php\/produkt\/kombinezon-m-atmosphere-100-wiskoza\/","title":{"rendered":"Kombinezon M Atmosphere 100% wiskoza"},"content":{"rendered":"","protected":false},"excerpt":{"rendered":"<p><strong>Wymiary podawane na p\u0142asko:<\/strong><\/p>\n<p>od pachy do pachy \u2013 48\u00a0 cm<\/p>\n<p>gumka w pasie \u201335 &#8211; 48 cm<\/p>\n<p>biodra \u201354\u00a0 cm<\/p>\n<p>d\u0142ugo\u015b\u0107 ca\u0142kowita &#8211; 80 cm<\/p>\n","protected":false},"featured_media":2344,"comment_status":"open","ping_status":"closed","template":"","meta":[],"product_brand":[],"product_cat":[361,335,35,19,89],"product_tag":[],"class_list":{"0":"post-1623","1":"product","2":"type-product","3":"status-publish","4":"has-post-thumbnail","6":"product_cat-kombinezony-krotkie","7":"product_cat-rozmiar-m","8":"product_cat-kategorie","9":"product_cat-ubrania-damskie","10":"product_cat-kombinezony","12":"first","13":"instock","14":"taxable","15":"shipping-taxable","16":"product-type-simple"},"_links":{"self":[{"href":"https:\/\/chiliada.pl\/index.php\/wp-json\/wp\/v2\/product\/1623","targetHints":{"allow":["GET"]}}],"collection":[{"href":"https:\/\/chiliada.pl\/index.php\/wp-json\/wp\/v2\/product"}],"about":[{"href":"https:\/\/chiliada.pl\/index.php\/wp-json\/wp\/v2\/types\/product"}],"replies":[{"embeddable":true,"href":"https:\/\/chiliada.pl\/index.php\/wp-json\/wp\/v2\/comments?post=1623"}],"wp:featuredmedia":[{"embeddable":true,"href":"https:\/\/chiliada.pl\/index.php\/wp-json\/wp\/v2\/media\/2344"}],"wp:attachment":[{"href":"https:\/\/chiliada.pl\/index.php\/wp-json\/wp\/v2\/media?parent=1623"}],"wp:term":[{"taxonomy":"product_brand","embeddable":true,"href":"https:\/\/chiliada.pl\/index.php\/wp-json\/wp\/v2\/product_brand?post=1623"},{"taxonomy":"product_cat","embeddable":true,"href":"https:\/\/chiliada.pl\/index.php\/wp-json\/wp\/v2\/product_cat?post=1623"},{"taxonomy":"product_tag","embeddable":true,"href":"https:\/\/chiliada.pl\/index.php\/wp-json\/wp\/v2\/product_tag?post=1623"}],"curies":[{"name":"wp","href":"https:\/\/api.w.org\/{rel}","templated":true}]}}