{"id":1966,"date":"2023-07-19T15:46:06","date_gmt":"2023-07-19T13:46:06","guid":{"rendered":"https:\/\/chiliada.pl\/?post_type=product&#038;p=1966"},"modified":"2024-04-15T00:59:55","modified_gmt":"2024-04-14T22:59:55","slug":"crop-top-s-amisu-100-wiskoza","status":"publish","type":"product","link":"https:\/\/chiliada.pl\/index.php\/produkt\/crop-top-s-amisu-100-wiskoza\/","title":{"rendered":"Crop top S Amisu 100% wiskoza"},"content":{"rendered":"","protected":false},"excerpt":{"rendered":"<p><strong>Wymiary podawane na p\u0142asko:<\/strong><\/p>\n<p>d\u0142ugo\u015b\u0107 ca\u0142kowita \u2013 37 cm<\/p>\n<p>od pachy do pachy \u2013\u00a0 40 cm<\/p>\n<p>d\u0142ugo\u015b\u0107 r\u0119kawa &#8211; 45 cm<\/p>\n","protected":false},"featured_media":2851,"comment_status":"open","ping_status":"closed","template":"","meta":[],"product_brand":[],"product_cat":[334,35,19,42],"product_tag":[],"class_list":{"0":"post-1966","1":"product","2":"type-product","3":"status-publish","4":"has-post-thumbnail","6":"product_cat-rozmiar-s","7":"product_cat-kategorie","8":"product_cat-ubrania-damskie","9":"product_cat-koszulki-i-topy","11":"first","12":"instock","13":"taxable","14":"shipping-taxable","15":"product-type-simple"},"_links":{"self":[{"href":"https:\/\/chiliada.pl\/index.php\/wp-json\/wp\/v2\/product\/1966","targetHints":{"allow":["GET"]}}],"collection":[{"href":"https:\/\/chiliada.pl\/index.php\/wp-json\/wp\/v2\/product"}],"about":[{"href":"https:\/\/chiliada.pl\/index.php\/wp-json\/wp\/v2\/types\/product"}],"replies":[{"embeddable":true,"href":"https:\/\/chiliada.pl\/index.php\/wp-json\/wp\/v2\/comments?post=1966"}],"wp:featuredmedia":[{"embeddable":true,"href":"https:\/\/chiliada.pl\/index.php\/wp-json\/wp\/v2\/media\/2851"}],"wp:attachment":[{"href":"https:\/\/chiliada.pl\/index.php\/wp-json\/wp\/v2\/media?parent=1966"}],"wp:term":[{"taxonomy":"product_brand","embeddable":true,"href":"https:\/\/chiliada.pl\/index.php\/wp-json\/wp\/v2\/product_brand?post=1966"},{"taxonomy":"product_cat","embeddable":true,"href":"https:\/\/chiliada.pl\/index.php\/wp-json\/wp\/v2\/product_cat?post=1966"},{"taxonomy":"product_tag","embeddable":true,"href":"https:\/\/chiliada.pl\/index.php\/wp-json\/wp\/v2\/product_tag?post=1966"}],"curies":[{"name":"wp","href":"https:\/\/api.w.org\/{rel}","templated":true}]}}