{"id":1967,"date":"2023-07-19T15:50:03","date_gmt":"2023-07-19T13:50:03","guid":{"rendered":"https:\/\/chiliada.pl\/?post_type=product&#038;p=1967"},"modified":"2024-04-15T00:53:46","modified_gmt":"2024-04-14T22:53:46","slug":"crop-top-xs-boohoo-95-wiskoza","status":"publish","type":"product","link":"https:\/\/chiliada.pl\/index.php\/produkt\/crop-top-xs-boohoo-95-wiskoza\/","title":{"rendered":"Crop top XS Boohoo 95% wiskoza"},"content":{"rendered":"","protected":false},"excerpt":{"rendered":"<p>Wymiary:<\/p>\n<p>od pachy do pachy: 35 cm (rozci\u0105ga si\u0119 do 45 cm)<\/p>\n<p>d\u0142ugo\u015b\u0107 ca\u0142kowita: 49 cm.<\/p>\n<p>Materia\u0142 jest elastyczny.<\/p>\n","protected":false},"featured_media":1936,"comment_status":"open","ping_status":"closed","template":"","meta":[],"product_brand":[],"product_cat":[340,35],"product_tag":[],"class_list":{"0":"post-1967","1":"product","2":"type-product","3":"status-publish","4":"has-post-thumbnail","6":"product_cat-rozmiar-xs","7":"product_cat-kategorie","9":"first","10":"instock","11":"taxable","12":"shipping-taxable","13":"product-type-simple"},"_links":{"self":[{"href":"https:\/\/chiliada.pl\/index.php\/wp-json\/wp\/v2\/product\/1967","targetHints":{"allow":["GET"]}}],"collection":[{"href":"https:\/\/chiliada.pl\/index.php\/wp-json\/wp\/v2\/product"}],"about":[{"href":"https:\/\/chiliada.pl\/index.php\/wp-json\/wp\/v2\/types\/product"}],"replies":[{"embeddable":true,"href":"https:\/\/chiliada.pl\/index.php\/wp-json\/wp\/v2\/comments?post=1967"}],"wp:featuredmedia":[{"embeddable":true,"href":"https:\/\/chiliada.pl\/index.php\/wp-json\/wp\/v2\/media\/1936"}],"wp:attachment":[{"href":"https:\/\/chiliada.pl\/index.php\/wp-json\/wp\/v2\/media?parent=1967"}],"wp:term":[{"taxonomy":"product_brand","embeddable":true,"href":"https:\/\/chiliada.pl\/index.php\/wp-json\/wp\/v2\/product_brand?post=1967"},{"taxonomy":"product_cat","embeddable":true,"href":"https:\/\/chiliada.pl\/index.php\/wp-json\/wp\/v2\/product_cat?post=1967"},{"taxonomy":"product_tag","embeddable":true,"href":"https:\/\/chiliada.pl\/index.php\/wp-json\/wp\/v2\/product_tag?post=1967"}],"curies":[{"name":"wp","href":"https:\/\/api.w.org\/{rel}","templated":true}]}}