{"id":1968,"date":"2023-07-19T15:56:43","date_gmt":"2023-07-19T13:56:43","guid":{"rendered":"https:\/\/chiliada.pl\/?post_type=product&#038;p=1968"},"modified":"2024-04-15T01:00:52","modified_gmt":"2024-04-14T23:00:52","slug":"crop-top-l-atmosphere-94-wiskoza","status":"publish","type":"product","link":"https:\/\/chiliada.pl\/index.php\/produkt\/crop-top-l-atmosphere-94-wiskoza\/","title":{"rendered":"Crop top L Atmosphere 94% wiskoza"},"content":{"rendered":"","protected":false},"excerpt":{"rendered":"<p>Wymiary:<\/p>\n<p>od pachy do pachy: 38 cm (rozci\u0105ga si\u0119 do 59 cm)<\/p>\n<p>d\u0142ugo\u015b\u0107 ca\u0142kowita: 40 cm<\/p>\n<p>Materia\u0142 jest elastyczny.<\/p>\n","protected":false},"featured_media":2615,"comment_status":"open","ping_status":"closed","template":"","meta":[],"product_brand":[],"product_cat":[336,35,19,42],"product_tag":[],"class_list":{"0":"post-1968","1":"product","2":"type-product","3":"status-publish","4":"has-post-thumbnail","6":"product_cat-rozmiar-l","7":"product_cat-kategorie","8":"product_cat-ubrania-damskie","9":"product_cat-koszulki-i-topy","11":"first","12":"instock","13":"taxable","14":"shipping-taxable","15":"product-type-simple"},"_links":{"self":[{"href":"https:\/\/chiliada.pl\/index.php\/wp-json\/wp\/v2\/product\/1968","targetHints":{"allow":["GET"]}}],"collection":[{"href":"https:\/\/chiliada.pl\/index.php\/wp-json\/wp\/v2\/product"}],"about":[{"href":"https:\/\/chiliada.pl\/index.php\/wp-json\/wp\/v2\/types\/product"}],"replies":[{"embeddable":true,"href":"https:\/\/chiliada.pl\/index.php\/wp-json\/wp\/v2\/comments?post=1968"}],"wp:featuredmedia":[{"embeddable":true,"href":"https:\/\/chiliada.pl\/index.php\/wp-json\/wp\/v2\/media\/2615"}],"wp:attachment":[{"href":"https:\/\/chiliada.pl\/index.php\/wp-json\/wp\/v2\/media?parent=1968"}],"wp:term":[{"taxonomy":"product_brand","embeddable":true,"href":"https:\/\/chiliada.pl\/index.php\/wp-json\/wp\/v2\/product_brand?post=1968"},{"taxonomy":"product_cat","embeddable":true,"href":"https:\/\/chiliada.pl\/index.php\/wp-json\/wp\/v2\/product_cat?post=1968"},{"taxonomy":"product_tag","embeddable":true,"href":"https:\/\/chiliada.pl\/index.php\/wp-json\/wp\/v2\/product_tag?post=1968"}],"curies":[{"name":"wp","href":"https:\/\/api.w.org\/{rel}","templated":true}]}}