{"id":2689,"date":"2023-08-25T20:00:21","date_gmt":"2023-08-25T18:00:21","guid":{"rendered":"https:\/\/chiliada.pl\/?post_type=product&#038;p=2689"},"modified":"2024-04-15T00:55:48","modified_gmt":"2024-04-14T22:55:48","slug":"koszula-wiazana-na-dole","status":"publish","type":"product","link":"https:\/\/chiliada.pl\/index.php\/produkt\/koszula-wiazana-na-dole\/","title":{"rendered":"Koszula wi\u0105zana z przodu M Passport"},"content":{"rendered":"","protected":false},"excerpt":{"rendered":"<p><strong>Wymiary podawane na p\u0142asko:<\/strong><\/p>\n<p>d\u0142ugo\u015b\u0107 ca\u0142kowita (ty\u0142) -53\u00a0 cm<\/p>\n<p>od pachy do pachy \u2013\u00a0 \u00a048 cm<\/p>\n<p>d\u0142ugo\u015b\u0107 r\u0119kawa od pachy \u2013 46 cm<\/p>\n","protected":false},"featured_media":2690,"comment_status":"open","ping_status":"closed","template":"","meta":[],"product_brand":[],"product_cat":[335,35,19,43],"product_tag":[],"class_list":{"0":"post-2689","1":"product","2":"type-product","3":"status-publish","4":"has-post-thumbnail","6":"product_cat-rozmiar-m","7":"product_cat-kategorie","8":"product_cat-ubrania-damskie","9":"product_cat-bluzki-i-koszule","11":"first","12":"instock","13":"taxable","14":"shipping-taxable","15":"product-type-simple"},"_links":{"self":[{"href":"https:\/\/chiliada.pl\/index.php\/wp-json\/wp\/v2\/product\/2689","targetHints":{"allow":["GET"]}}],"collection":[{"href":"https:\/\/chiliada.pl\/index.php\/wp-json\/wp\/v2\/product"}],"about":[{"href":"https:\/\/chiliada.pl\/index.php\/wp-json\/wp\/v2\/types\/product"}],"replies":[{"embeddable":true,"href":"https:\/\/chiliada.pl\/index.php\/wp-json\/wp\/v2\/comments?post=2689"}],"wp:featuredmedia":[{"embeddable":true,"href":"https:\/\/chiliada.pl\/index.php\/wp-json\/wp\/v2\/media\/2690"}],"wp:attachment":[{"href":"https:\/\/chiliada.pl\/index.php\/wp-json\/wp\/v2\/media?parent=2689"}],"wp:term":[{"taxonomy":"product_brand","embeddable":true,"href":"https:\/\/chiliada.pl\/index.php\/wp-json\/wp\/v2\/product_brand?post=2689"},{"taxonomy":"product_cat","embeddable":true,"href":"https:\/\/chiliada.pl\/index.php\/wp-json\/wp\/v2\/product_cat?post=2689"},{"taxonomy":"product_tag","embeddable":true,"href":"https:\/\/chiliada.pl\/index.php\/wp-json\/wp\/v2\/product_tag?post=2689"}],"curies":[{"name":"wp","href":"https:\/\/api.w.org\/{rel}","templated":true}]}}