{"id":2800,"date":"2023-08-25T20:00:23","date_gmt":"2023-08-25T18:00:23","guid":{"rendered":"https:\/\/chiliada.pl\/?post_type=product&#038;p=2800"},"modified":"2024-04-12T12:34:31","modified_gmt":"2024-04-12T10:34:31","slug":"sukienka-jeansowa-l-asos-100-bawelna","status":"publish","type":"product","link":"https:\/\/chiliada.pl\/index.php\/produkt\/sukienka-jeansowa-l-asos-100-bawelna\/","title":{"rendered":"Sukienka jeansowa L Asos 100% bawe\u0142na"},"content":{"rendered":"","protected":false},"excerpt":{"rendered":"<p><strong>Wymiary podawane na p\u0142asko:<\/strong><\/p>\n<p>d\u0142ugo\u015b\u0107 ca\u0142kowita \u201389 cm<\/p>\n<p>od pachy do pachy \u2013 50 cm<\/p>\n<p>pas &#8211; 40 cm<\/p>\n<p>biodra &#8211; 50 cm<\/p>\n","protected":false},"featured_media":2807,"comment_status":"open","ping_status":"closed","template":"","meta":[],"product_brand":[],"product_cat":[336,292,35,19,41],"product_tag":[],"class_list":{"0":"post-2800","1":"product","2":"type-product","3":"status-publish","4":"has-post-thumbnail","6":"product_cat-rozmiar-l","7":"product_cat-sukienki-krotkie","8":"product_cat-kategorie","9":"product_cat-ubrania-damskie","10":"product_cat-sukienki","12":"first","13":"instock","14":"taxable","15":"shipping-taxable","16":"product-type-simple"},"_links":{"self":[{"href":"https:\/\/chiliada.pl\/index.php\/wp-json\/wp\/v2\/product\/2800","targetHints":{"allow":["GET"]}}],"collection":[{"href":"https:\/\/chiliada.pl\/index.php\/wp-json\/wp\/v2\/product"}],"about":[{"href":"https:\/\/chiliada.pl\/index.php\/wp-json\/wp\/v2\/types\/product"}],"replies":[{"embeddable":true,"href":"https:\/\/chiliada.pl\/index.php\/wp-json\/wp\/v2\/comments?post=2800"}],"wp:featuredmedia":[{"embeddable":true,"href":"https:\/\/chiliada.pl\/index.php\/wp-json\/wp\/v2\/media\/2807"}],"wp:attachment":[{"href":"https:\/\/chiliada.pl\/index.php\/wp-json\/wp\/v2\/media?parent=2800"}],"wp:term":[{"taxonomy":"product_brand","embeddable":true,"href":"https:\/\/chiliada.pl\/index.php\/wp-json\/wp\/v2\/product_brand?post=2800"},{"taxonomy":"product_cat","embeddable":true,"href":"https:\/\/chiliada.pl\/index.php\/wp-json\/wp\/v2\/product_cat?post=2800"},{"taxonomy":"product_tag","embeddable":true,"href":"https:\/\/chiliada.pl\/index.php\/wp-json\/wp\/v2\/product_tag?post=2800"}],"curies":[{"name":"wp","href":"https:\/\/api.w.org\/{rel}","templated":true}]}}