{"id":3010,"date":"2023-10-20T20:00:05","date_gmt":"2023-10-20T18:00:05","guid":{"rendered":"https:\/\/chiliada.pl\/?post_type=product&#038;p=3010"},"modified":"2024-08-09T18:35:35","modified_gmt":"2024-08-09T16:35:35","slug":"zielona-dluga-bomberka-oversize-s-monki","status":"publish","type":"product","link":"https:\/\/chiliada.pl\/index.php\/produkt\/zielona-dluga-bomberka-oversize-s-monki\/","title":{"rendered":"Zielona d\u0142uga bomberka oversize S Monki 70% modal"},"content":{"rendered":"","protected":false},"excerpt":{"rendered":"<p>Cena katalogowa to oko\u0142o 380 z\u0142.<\/p>\n<p>Wymiary podawane na p\u0142asko:<\/p>\n<p>od pachy do pachy: 60 cm<\/p>\n<p>d\u0142ugo\u015b\u0107 ca\u0142kowita: 75 cm<\/p>\n<p>d\u0142ugo\u015b\u0107 r\u0119kawa od pachy: 47 cm<\/p>\n<p>biodra: 60 cm<\/p>\n","protected":false},"featured_media":3011,"comment_status":"open","ping_status":"closed","template":"","meta":[],"product_brand":[],"product_cat":[334,35,19,47],"product_tag":[],"class_list":{"0":"post-3010","1":"product","2":"type-product","3":"status-publish","4":"has-post-thumbnail","6":"product_cat-rozmiar-s","7":"product_cat-kategorie","8":"product_cat-ubrania-damskie","9":"product_cat-kurtki-i-marynarki","11":"first","12":"instock","13":"taxable","14":"shipping-taxable","15":"product-type-simple"},"_links":{"self":[{"href":"https:\/\/chiliada.pl\/index.php\/wp-json\/wp\/v2\/product\/3010","targetHints":{"allow":["GET"]}}],"collection":[{"href":"https:\/\/chiliada.pl\/index.php\/wp-json\/wp\/v2\/product"}],"about":[{"href":"https:\/\/chiliada.pl\/index.php\/wp-json\/wp\/v2\/types\/product"}],"replies":[{"embeddable":true,"href":"https:\/\/chiliada.pl\/index.php\/wp-json\/wp\/v2\/comments?post=3010"}],"wp:featuredmedia":[{"embeddable":true,"href":"https:\/\/chiliada.pl\/index.php\/wp-json\/wp\/v2\/media\/3011"}],"wp:attachment":[{"href":"https:\/\/chiliada.pl\/index.php\/wp-json\/wp\/v2\/media?parent=3010"}],"wp:term":[{"taxonomy":"product_brand","embeddable":true,"href":"https:\/\/chiliada.pl\/index.php\/wp-json\/wp\/v2\/product_brand?post=3010"},{"taxonomy":"product_cat","embeddable":true,"href":"https:\/\/chiliada.pl\/index.php\/wp-json\/wp\/v2\/product_cat?post=3010"},{"taxonomy":"product_tag","embeddable":true,"href":"https:\/\/chiliada.pl\/index.php\/wp-json\/wp\/v2\/product_tag?post=3010"}],"curies":[{"name":"wp","href":"https:\/\/api.w.org\/{rel}","templated":true}]}}