{"id":3018,"date":"2023-10-20T20:00:45","date_gmt":"2023-10-20T18:00:45","guid":{"rendered":"https:\/\/chiliada.pl\/?post_type=product&#038;p=3018"},"modified":"2024-10-26T13:32:24","modified_gmt":"2024-10-26T11:32:24","slug":"futerko-rude-xs-hm","status":"publish","type":"product","link":"https:\/\/chiliada.pl\/index.php\/produkt\/futerko-rude-xs-hm\/","title":{"rendered":"Futerko rude XS H&amp;M"},"content":{"rendered":"","protected":false},"excerpt":{"rendered":"<p>Wymiary podawane na p\u0142asko:<\/p>\n<p>od pachy do pachy: 51 cm<\/p>\n<p>d\u0142ugo\u015b\u0107 ca\u0142kowita: 66 cm<\/p>\n<p>d\u0142ugo\u015b\u0107 r\u0119kawa od pachy: 42 cm<\/p>\n<p>d\u00f3\u0142 futerka: 53 cm<\/p>\n","protected":false},"featured_media":3019,"comment_status":"open","ping_status":"closed","template":"","meta":[],"product_brand":[],"product_cat":[340,35,19,47],"product_tag":[],"class_list":{"0":"post-3018","1":"product","2":"type-product","3":"status-publish","4":"has-post-thumbnail","6":"product_cat-rozmiar-xs","7":"product_cat-kategorie","8":"product_cat-ubrania-damskie","9":"product_cat-kurtki-i-marynarki","11":"first","12":"instock","13":"taxable","14":"shipping-taxable","15":"product-type-simple"},"_links":{"self":[{"href":"https:\/\/chiliada.pl\/index.php\/wp-json\/wp\/v2\/product\/3018","targetHints":{"allow":["GET"]}}],"collection":[{"href":"https:\/\/chiliada.pl\/index.php\/wp-json\/wp\/v2\/product"}],"about":[{"href":"https:\/\/chiliada.pl\/index.php\/wp-json\/wp\/v2\/types\/product"}],"replies":[{"embeddable":true,"href":"https:\/\/chiliada.pl\/index.php\/wp-json\/wp\/v2\/comments?post=3018"}],"wp:featuredmedia":[{"embeddable":true,"href":"https:\/\/chiliada.pl\/index.php\/wp-json\/wp\/v2\/media\/3019"}],"wp:attachment":[{"href":"https:\/\/chiliada.pl\/index.php\/wp-json\/wp\/v2\/media?parent=3018"}],"wp:term":[{"taxonomy":"product_brand","embeddable":true,"href":"https:\/\/chiliada.pl\/index.php\/wp-json\/wp\/v2\/product_brand?post=3018"},{"taxonomy":"product_cat","embeddable":true,"href":"https:\/\/chiliada.pl\/index.php\/wp-json\/wp\/v2\/product_cat?post=3018"},{"taxonomy":"product_tag","embeddable":true,"href":"https:\/\/chiliada.pl\/index.php\/wp-json\/wp\/v2\/product_tag?post=3018"}],"curies":[{"name":"wp","href":"https:\/\/api.w.org\/{rel}","templated":true}]}}