{"id":3060,"date":"2023-10-20T20:00:26","date_gmt":"2023-10-20T18:00:26","guid":{"rendered":"https:\/\/chiliada.pl\/?post_type=product&#038;p=3060"},"modified":"2024-04-15T00:34:43","modified_gmt":"2024-04-14T22:34:43","slug":"parka-z-kapturem-xxs-wow-35-bawelna","status":"publish","type":"product","link":"https:\/\/chiliada.pl\/index.php\/produkt\/parka-z-kapturem-xxs-wow-35-bawelna\/","title":{"rendered":"Parka z kapturem XXS Wow 35% bawe\u0142na"},"content":{"rendered":"","protected":false},"excerpt":{"rendered":"<p>Park\u0119 mo\u017cna regulowa\u0107 w talii.<\/p>\n<p>Wymiary podawane na p\u0142asko:<\/p>\n<p>od pachy do pachy: 45 cm<\/p>\n<p>d\u0142ugo\u015b\u0107 ca\u0142kowita prz\u00f3d: 70 cm<\/p>\n<p>d\u0142ugo\u015b\u0107 r\u0119kawa od pachy: 46 cm<\/p>\n<p>biodra: 39 cm<\/p>\n","protected":false},"featured_media":3062,"comment_status":"open","ping_status":"closed","template":"","meta":[],"product_brand":[],"product_cat":[333,35,19,48],"product_tag":[],"class_list":{"0":"post-3060","1":"product","2":"type-product","3":"status-publish","4":"has-post-thumbnail","6":"product_cat-rozmiar-xxs-xxxs","7":"product_cat-kategorie","8":"product_cat-ubrania-damskie","9":"product_cat-plaszcze-i-parki","11":"first","12":"instock","13":"taxable","14":"shipping-taxable","15":"product-type-simple"},"_links":{"self":[{"href":"https:\/\/chiliada.pl\/index.php\/wp-json\/wp\/v2\/product\/3060","targetHints":{"allow":["GET"]}}],"collection":[{"href":"https:\/\/chiliada.pl\/index.php\/wp-json\/wp\/v2\/product"}],"about":[{"href":"https:\/\/chiliada.pl\/index.php\/wp-json\/wp\/v2\/types\/product"}],"replies":[{"embeddable":true,"href":"https:\/\/chiliada.pl\/index.php\/wp-json\/wp\/v2\/comments?post=3060"}],"wp:featuredmedia":[{"embeddable":true,"href":"https:\/\/chiliada.pl\/index.php\/wp-json\/wp\/v2\/media\/3062"}],"wp:attachment":[{"href":"https:\/\/chiliada.pl\/index.php\/wp-json\/wp\/v2\/media?parent=3060"}],"wp:term":[{"taxonomy":"product_brand","embeddable":true,"href":"https:\/\/chiliada.pl\/index.php\/wp-json\/wp\/v2\/product_brand?post=3060"},{"taxonomy":"product_cat","embeddable":true,"href":"https:\/\/chiliada.pl\/index.php\/wp-json\/wp\/v2\/product_cat?post=3060"},{"taxonomy":"product_tag","embeddable":true,"href":"https:\/\/chiliada.pl\/index.php\/wp-json\/wp\/v2\/product_tag?post=3060"}],"curies":[{"name":"wp","href":"https:\/\/api.w.org\/{rel}","templated":true}]}}