{"id":310,"date":"2023-06-03T15:12:54","date_gmt":"2023-06-03T13:12:54","guid":{"rendered":"https:\/\/chiliada.pl\/?post_type=product&#038;p=310"},"modified":"2024-04-15T00:49:16","modified_gmt":"2024-04-14T22:49:16","slug":"koszulka-z-krotkim-rekawem-m","status":"publish","type":"product","link":"https:\/\/chiliada.pl\/index.php\/produkt\/koszulka-z-krotkim-rekawem-m\/","title":{"rendered":"Koszulka z kr\u00f3tkim r\u0119kawem M H&amp;M"},"content":{"rendered":"<p>UWAGA<\/p>\n<p>Legginsy sprzedawane s\u0105 osobno.<\/p>\n","protected":false},"excerpt":{"rendered":"<p><strong>Wymiary podawane na p\u0142asko:<\/strong><\/p>\n<p>d\u0142ugo\u015b\u0107 ca\u0142kowita \u2013 46 cm<\/p>\n<p>od pachy do pachy \u2013\u00a0 41 cm<\/p>\n<p>Materia\u0142 jest <strong>elastyczny<\/strong>.<\/p>\n","protected":false},"featured_media":2616,"comment_status":"open","ping_status":"closed","template":"","meta":[],"product_brand":[],"product_cat":[335,35,19,42],"product_tag":[],"class_list":{"0":"post-310","1":"product","2":"type-product","3":"status-publish","4":"has-post-thumbnail","6":"product_cat-rozmiar-m","7":"product_cat-kategorie","8":"product_cat-ubrania-damskie","9":"product_cat-koszulki-i-topy","11":"first","12":"instock","13":"taxable","14":"shipping-taxable","15":"product-type-simple"},"_links":{"self":[{"href":"https:\/\/chiliada.pl\/index.php\/wp-json\/wp\/v2\/product\/310","targetHints":{"allow":["GET"]}}],"collection":[{"href":"https:\/\/chiliada.pl\/index.php\/wp-json\/wp\/v2\/product"}],"about":[{"href":"https:\/\/chiliada.pl\/index.php\/wp-json\/wp\/v2\/types\/product"}],"replies":[{"embeddable":true,"href":"https:\/\/chiliada.pl\/index.php\/wp-json\/wp\/v2\/comments?post=310"}],"wp:featuredmedia":[{"embeddable":true,"href":"https:\/\/chiliada.pl\/index.php\/wp-json\/wp\/v2\/media\/2616"}],"wp:attachment":[{"href":"https:\/\/chiliada.pl\/index.php\/wp-json\/wp\/v2\/media?parent=310"}],"wp:term":[{"taxonomy":"product_brand","embeddable":true,"href":"https:\/\/chiliada.pl\/index.php\/wp-json\/wp\/v2\/product_brand?post=310"},{"taxonomy":"product_cat","embeddable":true,"href":"https:\/\/chiliada.pl\/index.php\/wp-json\/wp\/v2\/product_cat?post=310"},{"taxonomy":"product_tag","embeddable":true,"href":"https:\/\/chiliada.pl\/index.php\/wp-json\/wp\/v2\/product_tag?post=310"}],"curies":[{"name":"wp","href":"https:\/\/api.w.org\/{rel}","templated":true}]}}