{"id":3100,"date":"2024-03-22T14:51:05","date_gmt":"2024-03-22T13:51:05","guid":{"rendered":"https:\/\/chiliada.pl\/?post_type=product&#038;p=3100"},"modified":"2024-09-04T15:06:25","modified_gmt":"2024-09-04T13:06:25","slug":"7mil-38-baleriny-z-naturalnej-skory-lakierowanej-nude-brudny-roz","status":"publish","type":"product","link":"https:\/\/chiliada.pl\/index.php\/produkt\/7mil-38-baleriny-z-naturalnej-skory-lakierowanej-nude-brudny-roz\/","title":{"rendered":"7mil 38 baleriny z naturalnej sk\u00f3ry lakierowanej nude brudny r\u00f3\u017c"},"content":{"rendered":"<p>Baleriny rozmiar 38, d\u0142ugo\u015b\u0107 wk\u0142adki 25 cm z naturalnej sk\u00f3ry lakierowanej w kolorze nude, brudny r\u00f3\u017c. Na czubkach ozdobne kokardy w kolorze czarnym, jednak mo\u017cna samodzielnie zmienia\u0107 wst\u0105\u017cki i nadawa\u0107 bucikom codziennie nowy wygl\u0105d. Delikatna ryska na czubku buta pokazana na trzecim zdj\u0119ciu i z ty\u0142u buta na czwartym zdj\u0119ciu. Polski producent 7 mil, kt\u00f3rego motto umieszczono w \u015brodku buta I brzmi: W dobrych butach du\u017ce kroki, dbaj\u0105cy o ka\u017cdy detal, mi\u0119kka wy\u015bci\u00f3\u0142ka, podparcie \u0142uku stopy.<\/p>\n","protected":false},"excerpt":{"rendered":"<p>Rozmiar: 38<\/p>\n<p>D\u0142ugo\u015b\u0107 wk\u0142adki: 25 cm<\/p>\n","protected":false},"featured_media":3101,"comment_status":"open","ping_status":"closed","template":"","meta":[],"product_brand":[],"product_cat":[35,36,22,75],"product_tag":[],"class_list":{"0":"post-3100","1":"product","2":"type-product","3":"status-publish","4":"has-post-thumbnail","6":"product_cat-kategorie","7":"product_cat-obuwie","8":"product_cat-obuwie-damskie","9":"product_cat-plaskie-buty","11":"first","12":"instock","13":"taxable","14":"shipping-taxable","15":"product-type-simple"},"_links":{"self":[{"href":"https:\/\/chiliada.pl\/index.php\/wp-json\/wp\/v2\/product\/3100","targetHints":{"allow":["GET"]}}],"collection":[{"href":"https:\/\/chiliada.pl\/index.php\/wp-json\/wp\/v2\/product"}],"about":[{"href":"https:\/\/chiliada.pl\/index.php\/wp-json\/wp\/v2\/types\/product"}],"replies":[{"embeddable":true,"href":"https:\/\/chiliada.pl\/index.php\/wp-json\/wp\/v2\/comments?post=3100"}],"wp:featuredmedia":[{"embeddable":true,"href":"https:\/\/chiliada.pl\/index.php\/wp-json\/wp\/v2\/media\/3101"}],"wp:attachment":[{"href":"https:\/\/chiliada.pl\/index.php\/wp-json\/wp\/v2\/media?parent=3100"}],"wp:term":[{"taxonomy":"product_brand","embeddable":true,"href":"https:\/\/chiliada.pl\/index.php\/wp-json\/wp\/v2\/product_brand?post=3100"},{"taxonomy":"product_cat","embeddable":true,"href":"https:\/\/chiliada.pl\/index.php\/wp-json\/wp\/v2\/product_cat?post=3100"},{"taxonomy":"product_tag","embeddable":true,"href":"https:\/\/chiliada.pl\/index.php\/wp-json\/wp\/v2\/product_tag?post=3100"}],"curies":[{"name":"wp","href":"https:\/\/api.w.org\/{rel}","templated":true}]}}