{"id":323,"date":"2023-06-04T13:10:41","date_gmt":"2023-06-04T11:10:41","guid":{"rendered":"https:\/\/chiliada.pl\/?post_type=product&#038;p=323"},"modified":"2024-04-09T23:38:52","modified_gmt":"2024-04-09T21:38:52","slug":"bluzka-kopertowa-m","status":"publish","type":"product","link":"https:\/\/chiliada.pl\/index.php\/produkt\/bluzka-kopertowa-m\/","title":{"rendered":"Bluzka kopertowa z bufkami M V by very 100% bawe\u0142na"},"content":{"rendered":"","protected":false},"excerpt":{"rendered":"<p><strong>Wymiary podawane na p\u0142asko:<\/strong><\/p>\n<p>od pachy do pachy \u2013 49 cm<\/p>\n<p>d\u0142ugo\u015b\u0107 ca\u0142kowita \u2013 63 cm<\/p>\n<p>pas &#8211; 39 cm<\/p>\n<p>d\u0142ugo\u015b\u0107 r\u0119kawa &#8211; 34 cm<\/p>\n","protected":false},"featured_media":2835,"comment_status":"open","ping_status":"closed","template":"","meta":[],"product_brand":[],"product_cat":[335,35,19,43],"product_tag":[],"class_list":{"0":"post-323","1":"product","2":"type-product","3":"status-publish","4":"has-post-thumbnail","6":"product_cat-rozmiar-m","7":"product_cat-kategorie","8":"product_cat-ubrania-damskie","9":"product_cat-bluzki-i-koszule","11":"first","12":"instock","13":"taxable","14":"shipping-taxable","15":"product-type-simple"},"_links":{"self":[{"href":"https:\/\/chiliada.pl\/index.php\/wp-json\/wp\/v2\/product\/323","targetHints":{"allow":["GET"]}}],"collection":[{"href":"https:\/\/chiliada.pl\/index.php\/wp-json\/wp\/v2\/product"}],"about":[{"href":"https:\/\/chiliada.pl\/index.php\/wp-json\/wp\/v2\/types\/product"}],"replies":[{"embeddable":true,"href":"https:\/\/chiliada.pl\/index.php\/wp-json\/wp\/v2\/comments?post=323"}],"wp:featuredmedia":[{"embeddable":true,"href":"https:\/\/chiliada.pl\/index.php\/wp-json\/wp\/v2\/media\/2835"}],"wp:attachment":[{"href":"https:\/\/chiliada.pl\/index.php\/wp-json\/wp\/v2\/media?parent=323"}],"wp:term":[{"taxonomy":"product_brand","embeddable":true,"href":"https:\/\/chiliada.pl\/index.php\/wp-json\/wp\/v2\/product_brand?post=323"},{"taxonomy":"product_cat","embeddable":true,"href":"https:\/\/chiliada.pl\/index.php\/wp-json\/wp\/v2\/product_cat?post=323"},{"taxonomy":"product_tag","embeddable":true,"href":"https:\/\/chiliada.pl\/index.php\/wp-json\/wp\/v2\/product_tag?post=323"}],"curies":[{"name":"wp","href":"https:\/\/api.w.org\/{rel}","templated":true}]}}