{"id":3273,"date":"2024-12-06T12:18:55","date_gmt":"2024-12-06T11:18:55","guid":{"rendered":"https:\/\/chiliada.pl\/?post_type=product&#038;p=3273"},"modified":"2024-12-06T12:16:26","modified_gmt":"2024-12-06T11:16:26","slug":"sweter-pink-woman-m","status":"publish","type":"product","link":"https:\/\/chiliada.pl\/index.php\/produkt\/sweter-pink-woman-m\/","title":{"rendered":"Sweter Pink Woman M"},"content":{"rendered":"","protected":false},"excerpt":{"rendered":"<p>Sweter posiada delikatne zaci\u0105gni\u0119cie, kt\u00f3re nie jest widoczne podczas u\u017cytkowania, ale wola\u0142am o tym wspomnie\u0107 &#8211; zosta\u0142o pokazane na zdj\u0119ciach.<\/p>\n","protected":false},"featured_media":3274,"comment_status":"open","ping_status":"closed","template":"","meta":[],"product_brand":[],"product_cat":[335,35,19,44],"product_tag":[],"class_list":{"0":"post-3273","1":"product","2":"type-product","3":"status-publish","4":"has-post-thumbnail","6":"product_cat-rozmiar-m","7":"product_cat-kategorie","8":"product_cat-ubrania-damskie","9":"product_cat-swetry-i-kardigany","11":"first","12":"instock","13":"taxable","14":"shipping-taxable","15":"product-type-simple"},"_links":{"self":[{"href":"https:\/\/chiliada.pl\/index.php\/wp-json\/wp\/v2\/product\/3273","targetHints":{"allow":["GET"]}}],"collection":[{"href":"https:\/\/chiliada.pl\/index.php\/wp-json\/wp\/v2\/product"}],"about":[{"href":"https:\/\/chiliada.pl\/index.php\/wp-json\/wp\/v2\/types\/product"}],"replies":[{"embeddable":true,"href":"https:\/\/chiliada.pl\/index.php\/wp-json\/wp\/v2\/comments?post=3273"}],"wp:featuredmedia":[{"embeddable":true,"href":"https:\/\/chiliada.pl\/index.php\/wp-json\/wp\/v2\/media\/3274"}],"wp:attachment":[{"href":"https:\/\/chiliada.pl\/index.php\/wp-json\/wp\/v2\/media?parent=3273"}],"wp:term":[{"taxonomy":"product_brand","embeddable":true,"href":"https:\/\/chiliada.pl\/index.php\/wp-json\/wp\/v2\/product_brand?post=3273"},{"taxonomy":"product_cat","embeddable":true,"href":"https:\/\/chiliada.pl\/index.php\/wp-json\/wp\/v2\/product_cat?post=3273"},{"taxonomy":"product_tag","embeddable":true,"href":"https:\/\/chiliada.pl\/index.php\/wp-json\/wp\/v2\/product_tag?post=3273"}],"curies":[{"name":"wp","href":"https:\/\/api.w.org\/{rel}","templated":true}]}}