{"id":349,"date":"2023-06-04T14:23:55","date_gmt":"2023-06-04T12:23:55","guid":{"rendered":"https:\/\/chiliada.pl\/?post_type=product&#038;p=349"},"modified":"2024-04-14T23:56:28","modified_gmt":"2024-04-14T21:56:28","slug":"sukienka-na-guziki-wiazana-w-pasie-m","status":"publish","type":"product","link":"https:\/\/chiliada.pl\/index.php\/produkt\/sukienka-na-guziki-wiazana-w-pasie-m\/","title":{"rendered":"Sukienka na guziki wi\u0105zana w pasie M Lindex 100% wiskoza"},"content":{"rendered":"","protected":false},"excerpt":{"rendered":"<p><strong>Wymiary podawane na p\u0142asko:<\/strong><\/p>\n<p>d\u0142ugo\u015b\u0107 ca\u0142kowita z przodu &#8211; 100 cm<\/p>\n<p>d\u0142ugo\u015b\u0107 ca\u0142kowita z ty\u0142u &#8211; 110 cm<\/p>\n<p>od pachy do pachy \u2013\u00a0 55 cm<\/p>\n<p>biodra \u2013 60\u00a0 cm<\/p>\n","protected":false},"featured_media":2296,"comment_status":"open","ping_status":"closed","template":"","meta":[],"product_brand":[],"product_cat":[335,291,35,19,41],"product_tag":[],"class_list":{"0":"post-349","1":"product","2":"type-product","3":"status-publish","4":"has-post-thumbnail","6":"product_cat-rozmiar-m","7":"product_cat-sukienki-midi-i-maxi","8":"product_cat-kategorie","9":"product_cat-ubrania-damskie","10":"product_cat-sukienki","12":"first","13":"instock","14":"taxable","15":"shipping-taxable","16":"product-type-simple"},"_links":{"self":[{"href":"https:\/\/chiliada.pl\/index.php\/wp-json\/wp\/v2\/product\/349","targetHints":{"allow":["GET"]}}],"collection":[{"href":"https:\/\/chiliada.pl\/index.php\/wp-json\/wp\/v2\/product"}],"about":[{"href":"https:\/\/chiliada.pl\/index.php\/wp-json\/wp\/v2\/types\/product"}],"replies":[{"embeddable":true,"href":"https:\/\/chiliada.pl\/index.php\/wp-json\/wp\/v2\/comments?post=349"}],"wp:featuredmedia":[{"embeddable":true,"href":"https:\/\/chiliada.pl\/index.php\/wp-json\/wp\/v2\/media\/2296"}],"wp:attachment":[{"href":"https:\/\/chiliada.pl\/index.php\/wp-json\/wp\/v2\/media?parent=349"}],"wp:term":[{"taxonomy":"product_brand","embeddable":true,"href":"https:\/\/chiliada.pl\/index.php\/wp-json\/wp\/v2\/product_brand?post=349"},{"taxonomy":"product_cat","embeddable":true,"href":"https:\/\/chiliada.pl\/index.php\/wp-json\/wp\/v2\/product_cat?post=349"},{"taxonomy":"product_tag","embeddable":true,"href":"https:\/\/chiliada.pl\/index.php\/wp-json\/wp\/v2\/product_tag?post=349"}],"curies":[{"name":"wp","href":"https:\/\/api.w.org\/{rel}","templated":true}]}}