{"id":376,"date":"2023-06-05T12:29:12","date_gmt":"2023-06-05T10:29:12","guid":{"rendered":"https:\/\/chiliada.pl\/?post_type=product&#038;p=376"},"modified":"2024-04-14T23:22:34","modified_gmt":"2024-04-14T21:22:34","slug":"sukienka-szara-xs","status":"publish","type":"product","link":"https:\/\/chiliada.pl\/index.php\/produkt\/sukienka-szara-xs\/","title":{"rendered":"Sukienka szara XS Moulinette Soeurs"},"content":{"rendered":"<div class=\"flex-1 overflow-hidden\">\n<div class=\"react-scroll-to-bottom--css-tfdmf-79elbk h-full\">\n<div class=\"react-scroll-to-bottom--css-tfdmf-1n7m0yu\">\n<div class=\"flex flex-col text-sm pb-9\">\n<div class=\"w-full text-token-text-primary\" dir=\"auto\" data-testid=\"conversation-turn-3\">\n<div class=\"px-4 py-2 justify-center text-base md:gap-6 m-auto\">\n<div class=\"flex flex-1 text-base mx-auto gap-3 juice:gap-4 juice:md:gap-6 md:px-5 lg:px-1 xl:px-5 md:max-w-3xl lg:max-w-[40rem] xl:max-w-[48rem] group final-completion\">\n<div class=\"relative flex w-full flex-col agent-turn\">\n<div class=\"flex-col gap-1 md:gap-3\">\n<div class=\"flex flex-grow flex-col max-w-full\">\n<div class=\"min-h-[20px] text-message flex flex-col items-start gap-3 whitespace-pre-wrap break-words [.text-message+&amp;]:mt-5 overflow-x-auto\" dir=\"auto\" data-message-author-role=\"assistant\" data-message-id=\"ad9b2c43-b0fc-41f6-875d-8e3b1ce137e6\">\n<div class=\"markdown prose w-full break-words dark:prose-invert light\">\n<p>Moulinette Soeurs to renomowana marka odzie\u017cowa, znana ze swojego eleganckiego i romantycznego stylu. Firma zosta\u0142a za\u0142o\u017cona w 2000 roku przez dwie siostry, Camille i Isabell\u0119, kt\u00f3re zainspirowane by\u0142y francusk\u0105 mod\u0105 i kultur\u0105. Nazwa &#8222;Moulinette Soeurs&#8221; pochodzi z j\u0119zyka francuskiego i mo\u017cna j\u0105 przet\u0142umaczy\u0107 jako &#8222;M\u0142yn Siostrzyczek&#8221;.<\/p>\n<p>Marka szybko zyska\u0142a popularno\u015b\u0107 dzi\u0119ki swoim unikalnym wzorom, wysokiej jako\u015bci tkaninom i dba\u0142o\u015bci o szczeg\u00f3\u0142y. Ich kolekcje cz\u0119sto odzwierciedlaj\u0105 kobiecy, delikatny styl, wykorzystuj\u0105c romantyczne motywy, subtelne wzory i eleganckie kroje.<\/p>\n<p>Moulinette Soeurs oferuje szeroki wyb\u00f3r odzie\u017cy, pocz\u0105wszy od sukienek koktajlowych i wieczorowych, po bluzki, sp\u00f3dnice i p\u0142aszcze. Ka\u017cdy produkt marki charakteryzuje si\u0119 starannym wykonaniem i wysok\u0105 jako\u015bci\u0105 materia\u0142\u00f3w.<\/p>\n<p>Cho\u0107 marka pocz\u0105tkowo dzia\u0142a\u0142a g\u0142\u00f3wnie w Stanach Zjednoczonych, jej produkty sta\u0142y si\u0119 popularne r\u00f3wnie\u017c na rynkach mi\u0119dzynarodowych, zyskuj\u0105c uznanie w\u015br\u00f3d modowych entuzjast\u00f3w na ca\u0142ym \u015bwiecie.<\/p>\n<p>Moulinette Soeurs to nie tylko marka odzie\u017cowa, ale r\u00f3wnie\u017c symbol elegancji i klasy, kt\u00f3ry zachwyca swoimi unikalnymi kolekcjami i inspiruje kobiety do wyra\u017cania siebie poprzez mod\u0119.<\/p>\n<\/div>\n<\/div>\n<\/div>\n<div class=\"mt-1 flex gap-3 empty:hidden\">\n<div class=\"text-gray-400 flex self-end lg:self-center items-center justify-center lg:justify-start mt-0 -ml-1 h-7 gap-[2px] visible\">\n<div class=\"flex\"><\/div>\n<\/div>\n<\/div>\n<div class=\"pr-2 lg:pr-0\"><\/div>\n<\/div>\n<div class=\"absolute\">\n<div class=\"flex w-full gap-2 items-center justify-center\"><\/div>\n<\/div>\n<\/div>\n<\/div>\n<\/div>\n<\/div>\n<\/div>\n<\/div>\n<\/div>\n<\/div>\n<div class=\"w-full pt-2 md:pt-0 dark:border-white\/20 md:border-transparent md:dark:border-transparent md:w-[calc(100%-.5rem)]\">\n<div class=\"relative flex h-full flex-1 flex-col\">\n<div class=\"absolute bottom-full left-0 right-0\"><\/div>\n<div class=\"flex w-full items-center\">\n<div class=\"overflow-hidden [&amp;:has(textarea:focus)]:border-token-border-xheavy [&amp;:has(textarea:focus)]:shadow-[0_2px_6px_rgba(0,0,0,.05)] flex flex-col w-full flex-grow relative border dark:text-white rounded-2xl bg-token-main-surface-primary border-token-border-medium\" data-quillbot-parent=\"uPPwocOMRxvvdKpVM29ej\">\n<div>\n<div data-testid=\"highlights-container\">\n<div><\/div>\n<\/div>\n<\/div>\n<\/div>\n<\/div>\n<\/div>\n<\/div>\n","protected":false},"excerpt":{"rendered":"<p>Moulinette Soeurs to renomowana marka odzie\u017cowa, znana ze swojego eleganckiego i romantycznego stylu. Firma zosta\u0142a za\u0142o\u017cona w 2000 roku przez dwie siostry, Camille i Isabell\u0119, kt\u00f3re zainspirowane by\u0142y francusk\u0105 mod\u0105 i kultur\u0105. Nazwa &#8222;Moulinette Soeurs&#8221; pochodzi z j\u0119zyka francuskiego i mo\u017cna j\u0105 przet\u0142umaczy\u0107 jako &#8222;M\u0142yn Siostrzyczek&#8221;. Marka szybko zyska\u0142a popularno\u015b\u0107 dzi\u0119ki swoim unikalnym wzorom, wysokiej [&hellip;]<\/p>\n","protected":false},"featured_media":377,"comment_status":"open","ping_status":"closed","template":"","meta":[],"product_brand":[],"product_cat":[340,291,35,19,41],"product_tag":[],"class_list":{"0":"post-376","1":"product","2":"type-product","3":"status-publish","4":"has-post-thumbnail","6":"product_cat-rozmiar-xs","7":"product_cat-sukienki-midi-i-maxi","8":"product_cat-kategorie","9":"product_cat-ubrania-damskie","10":"product_cat-sukienki","12":"first","13":"instock","14":"taxable","15":"shipping-taxable","16":"product-type-simple"},"_links":{"self":[{"href":"https:\/\/chiliada.pl\/index.php\/wp-json\/wp\/v2\/product\/376","targetHints":{"allow":["GET"]}}],"collection":[{"href":"https:\/\/chiliada.pl\/index.php\/wp-json\/wp\/v2\/product"}],"about":[{"href":"https:\/\/chiliada.pl\/index.php\/wp-json\/wp\/v2\/types\/product"}],"replies":[{"embeddable":true,"href":"https:\/\/chiliada.pl\/index.php\/wp-json\/wp\/v2\/comments?post=376"}],"wp:featuredmedia":[{"embeddable":true,"href":"https:\/\/chiliada.pl\/index.php\/wp-json\/wp\/v2\/media\/377"}],"wp:attachment":[{"href":"https:\/\/chiliada.pl\/index.php\/wp-json\/wp\/v2\/media?parent=376"}],"wp:term":[{"taxonomy":"product_brand","embeddable":true,"href":"https:\/\/chiliada.pl\/index.php\/wp-json\/wp\/v2\/product_brand?post=376"},{"taxonomy":"product_cat","embeddable":true,"href":"https:\/\/chiliada.pl\/index.php\/wp-json\/wp\/v2\/product_cat?post=376"},{"taxonomy":"product_tag","embeddable":true,"href":"https:\/\/chiliada.pl\/index.php\/wp-json\/wp\/v2\/product_tag?post=376"}],"curies":[{"name":"wp","href":"https:\/\/api.w.org\/{rel}","templated":true}]}}