{"id":410,"date":"2023-06-05T17:41:22","date_gmt":"2023-06-05T15:41:22","guid":{"rendered":"https:\/\/chiliada.pl\/?post_type=product&#038;p=410"},"modified":"2024-04-15T00:55:30","modified_gmt":"2024-04-14T22:55:30","slug":"koszula-w-paski-s","status":"publish","type":"product","link":"https:\/\/chiliada.pl\/index.php\/produkt\/koszula-w-paski-s\/","title":{"rendered":"Koszula w paski S H&amp;M 100% bawe\u0142na"},"content":{"rendered":"","protected":false},"excerpt":{"rendered":"<p>UWAGA!<\/p>\n<p>Spodnie sprzedawane s\u0105 oddzielnie.<\/p>\n<p><strong>Wymiary podawane na p\u0142asko:<\/strong><\/p>\n<p>d\u0142ugo\u015b\u0107 ca\u0142kowita \u2013 70 cm<\/p>\n<p>od pachy do pachy \u2013\u00a0 52 cm<\/p>\n<p>d\u0142ugo\u015b\u0107 r\u0119kawa od pachy \u2013 46 cm<\/p>\n<p>Nieco d\u0142u\u017csza koszula z bawe\u0142nianej tkaniny. Ko\u0142nierzyk, guziki z przodu i u do\u0142u r\u0119kaw\u00f3w. Z ty\u0142u karczek z zak\u0142adk\u0105. Zaokr\u0105glony d\u00f3\u0142.<\/p>\n","protected":false},"featured_media":2577,"comment_status":"open","ping_status":"closed","template":"","meta":[],"product_brand":[],"product_cat":[334,35,19,43],"product_tag":[],"class_list":{"0":"post-410","1":"product","2":"type-product","3":"status-publish","4":"has-post-thumbnail","6":"product_cat-rozmiar-s","7":"product_cat-kategorie","8":"product_cat-ubrania-damskie","9":"product_cat-bluzki-i-koszule","11":"first","12":"instock","13":"taxable","14":"shipping-taxable","15":"product-type-simple"},"_links":{"self":[{"href":"https:\/\/chiliada.pl\/index.php\/wp-json\/wp\/v2\/product\/410","targetHints":{"allow":["GET"]}}],"collection":[{"href":"https:\/\/chiliada.pl\/index.php\/wp-json\/wp\/v2\/product"}],"about":[{"href":"https:\/\/chiliada.pl\/index.php\/wp-json\/wp\/v2\/types\/product"}],"replies":[{"embeddable":true,"href":"https:\/\/chiliada.pl\/index.php\/wp-json\/wp\/v2\/comments?post=410"}],"wp:featuredmedia":[{"embeddable":true,"href":"https:\/\/chiliada.pl\/index.php\/wp-json\/wp\/v2\/media\/2577"}],"wp:attachment":[{"href":"https:\/\/chiliada.pl\/index.php\/wp-json\/wp\/v2\/media?parent=410"}],"wp:term":[{"taxonomy":"product_brand","embeddable":true,"href":"https:\/\/chiliada.pl\/index.php\/wp-json\/wp\/v2\/product_brand?post=410"},{"taxonomy":"product_cat","embeddable":true,"href":"https:\/\/chiliada.pl\/index.php\/wp-json\/wp\/v2\/product_cat?post=410"},{"taxonomy":"product_tag","embeddable":true,"href":"https:\/\/chiliada.pl\/index.php\/wp-json\/wp\/v2\/product_tag?post=410"}],"curies":[{"name":"wp","href":"https:\/\/api.w.org\/{rel}","templated":true}]}}