{"id":546,"date":"2023-06-08T18:36:33","date_gmt":"2023-06-08T16:36:33","guid":{"rendered":"https:\/\/chiliada.pl\/?post_type=product&#038;p=546"},"modified":"2024-04-15T00:12:26","modified_gmt":"2024-04-14T22:12:26","slug":"bluzka-4xl","status":"publish","type":"product","link":"https:\/\/chiliada.pl\/index.php\/produkt\/bluzka-4xl\/","title":{"rendered":"Sukienka 4XL Lane Bryant 100% rayon"},"content":{"rendered":"","protected":false},"excerpt":{"rendered":"<p>Cena sklepowa to 450 z\u0142.<\/p>\n<p><strong>Wymiary podawane na p\u0142asko:<\/strong><\/p>\n<p>d\u0142ugo\u015b\u0107 ca\u0142kowita (prz\u00f3d) \u2013 75 cm<\/p>\n<p>d\u0142ugo\u015b\u0107 ca\u0142kowita (ty\u0142) &#8211; 90 cm<\/p>\n<p>od pachy do pachy \u2013\u00a0 72 cm<\/p>\n<p>pas\u00a0 \u2013 74 cm<\/p>\n<p>biodra \u2013 80 cm<\/p>\n<p>r\u0119kaw od pachy &#8211; 48 cm<\/p>\n","protected":false},"featured_media":2712,"comment_status":"open","ping_status":"closed","template":"","meta":[],"product_brand":[],"product_cat":[339,292,35,19,41],"product_tag":[],"class_list":{"0":"post-546","1":"product","2":"type-product","3":"status-publish","4":"has-post-thumbnail","6":"product_cat-rozmiar-3xl-8xl","7":"product_cat-sukienki-krotkie","8":"product_cat-kategorie","9":"product_cat-ubrania-damskie","10":"product_cat-sukienki","12":"first","13":"instock","14":"taxable","15":"shipping-taxable","16":"product-type-simple"},"_links":{"self":[{"href":"https:\/\/chiliada.pl\/index.php\/wp-json\/wp\/v2\/product\/546","targetHints":{"allow":["GET"]}}],"collection":[{"href":"https:\/\/chiliada.pl\/index.php\/wp-json\/wp\/v2\/product"}],"about":[{"href":"https:\/\/chiliada.pl\/index.php\/wp-json\/wp\/v2\/types\/product"}],"replies":[{"embeddable":true,"href":"https:\/\/chiliada.pl\/index.php\/wp-json\/wp\/v2\/comments?post=546"}],"wp:featuredmedia":[{"embeddable":true,"href":"https:\/\/chiliada.pl\/index.php\/wp-json\/wp\/v2\/media\/2712"}],"wp:attachment":[{"href":"https:\/\/chiliada.pl\/index.php\/wp-json\/wp\/v2\/media?parent=546"}],"wp:term":[{"taxonomy":"product_brand","embeddable":true,"href":"https:\/\/chiliada.pl\/index.php\/wp-json\/wp\/v2\/product_brand?post=546"},{"taxonomy":"product_cat","embeddable":true,"href":"https:\/\/chiliada.pl\/index.php\/wp-json\/wp\/v2\/product_cat?post=546"},{"taxonomy":"product_tag","embeddable":true,"href":"https:\/\/chiliada.pl\/index.php\/wp-json\/wp\/v2\/product_tag?post=546"}],"curies":[{"name":"wp","href":"https:\/\/api.w.org\/{rel}","templated":true}]}}