{"id":651,"date":"2023-06-13T15:14:01","date_gmt":"2023-06-13T13:14:01","guid":{"rendered":"https:\/\/chiliada.pl\/?post_type=product&#038;p=651"},"modified":"2024-04-15T00:39:37","modified_gmt":"2024-04-14T22:39:37","slug":"krotka-szara-bluza-m","status":"publish","type":"product","link":"https:\/\/chiliada.pl\/index.php\/produkt\/krotka-szara-bluza-m\/","title":{"rendered":"Kr\u00f3tka szara bluza M Wawa 70% bawe\u0142na"},"content":{"rendered":"","protected":false},"excerpt":{"rendered":"<p>UWAGA!<\/p>\n<p>Spodenki sprzedawane s\u0105 osobno.<\/p>\n<p><strong>Wymiary podawane na p\u0142asko:<\/strong><\/p>\n<p>d\u0142ugo\u015b\u0107 ca\u0142kowita \u2013 45 cm<\/p>\n<p>od pachy do pachy \u2013 50\u00a0 cm<\/p>\n<p>r\u0119kaw od pachy &#8211; 44 cm<\/p>\n<p>d\u00f3\u0142 (\u015bci\u0105gacz) &#8211; 43 cm<\/p>\n","protected":false},"featured_media":2438,"comment_status":"open","ping_status":"closed","template":"","meta":[],"product_brand":[],"product_cat":[335,35,19,49],"product_tag":[],"class_list":{"0":"post-651","1":"product","2":"type-product","3":"status-publish","4":"has-post-thumbnail","6":"product_cat-rozmiar-m","7":"product_cat-kategorie","8":"product_cat-ubrania-damskie","9":"product_cat-bluzy","11":"first","12":"instock","13":"taxable","14":"shipping-taxable","15":"product-type-simple"},"_links":{"self":[{"href":"https:\/\/chiliada.pl\/index.php\/wp-json\/wp\/v2\/product\/651","targetHints":{"allow":["GET"]}}],"collection":[{"href":"https:\/\/chiliada.pl\/index.php\/wp-json\/wp\/v2\/product"}],"about":[{"href":"https:\/\/chiliada.pl\/index.php\/wp-json\/wp\/v2\/types\/product"}],"replies":[{"embeddable":true,"href":"https:\/\/chiliada.pl\/index.php\/wp-json\/wp\/v2\/comments?post=651"}],"wp:featuredmedia":[{"embeddable":true,"href":"https:\/\/chiliada.pl\/index.php\/wp-json\/wp\/v2\/media\/2438"}],"wp:attachment":[{"href":"https:\/\/chiliada.pl\/index.php\/wp-json\/wp\/v2\/media?parent=651"}],"wp:term":[{"taxonomy":"product_brand","embeddable":true,"href":"https:\/\/chiliada.pl\/index.php\/wp-json\/wp\/v2\/product_brand?post=651"},{"taxonomy":"product_cat","embeddable":true,"href":"https:\/\/chiliada.pl\/index.php\/wp-json\/wp\/v2\/product_cat?post=651"},{"taxonomy":"product_tag","embeddable":true,"href":"https:\/\/chiliada.pl\/index.php\/wp-json\/wp\/v2\/product_tag?post=651"}],"curies":[{"name":"wp","href":"https:\/\/api.w.org\/{rel}","templated":true}]}}