{"id":656,"date":"2023-06-13T15:19:11","date_gmt":"2023-06-13T13:19:11","guid":{"rendered":"https:\/\/chiliada.pl\/?post_type=product&#038;p=656"},"modified":"2024-04-15T00:39:22","modified_gmt":"2024-04-14T22:39:22","slug":"krotkie-spodenki-zlote-z-wysokim-stanem-s","status":"publish","type":"product","link":"https:\/\/chiliada.pl\/index.php\/produkt\/krotkie-spodenki-zlote-z-wysokim-stanem-s\/","title":{"rendered":"Kr\u00f3tkie spodenki z\u0142ote z wysokim stanem S Tally Weijl"},"content":{"rendered":"","protected":false},"excerpt":{"rendered":"<p><strong>Wymiary podawane na p\u0142asko:<\/strong><\/p>\n<p>d\u0142ugo\u015b\u0107 ca\u0142kowita &#8211; 32,5 cm<\/p>\n<p>gumka w pasie &#8211; 33 cm (rozci\u0105ga si\u0119 do 43 cm)<\/p>\n<p>biodra &#8211; 50 cm<\/p>\n<p>&nbsp;<\/p>\n","protected":false},"featured_media":2643,"comment_status":"open","ping_status":"closed","template":"","meta":[],"product_brand":[],"product_cat":[334,35,19,50],"product_tag":[],"class_list":{"0":"post-656","1":"product","2":"type-product","3":"status-publish","4":"has-post-thumbnail","6":"product_cat-rozmiar-s","7":"product_cat-kategorie","8":"product_cat-ubrania-damskie","9":"product_cat-szorty","11":"first","12":"instock","13":"taxable","14":"shipping-taxable","15":"product-type-simple"},"_links":{"self":[{"href":"https:\/\/chiliada.pl\/index.php\/wp-json\/wp\/v2\/product\/656","targetHints":{"allow":["GET"]}}],"collection":[{"href":"https:\/\/chiliada.pl\/index.php\/wp-json\/wp\/v2\/product"}],"about":[{"href":"https:\/\/chiliada.pl\/index.php\/wp-json\/wp\/v2\/types\/product"}],"replies":[{"embeddable":true,"href":"https:\/\/chiliada.pl\/index.php\/wp-json\/wp\/v2\/comments?post=656"}],"wp:featuredmedia":[{"embeddable":true,"href":"https:\/\/chiliada.pl\/index.php\/wp-json\/wp\/v2\/media\/2643"}],"wp:attachment":[{"href":"https:\/\/chiliada.pl\/index.php\/wp-json\/wp\/v2\/media?parent=656"}],"wp:term":[{"taxonomy":"product_brand","embeddable":true,"href":"https:\/\/chiliada.pl\/index.php\/wp-json\/wp\/v2\/product_brand?post=656"},{"taxonomy":"product_cat","embeddable":true,"href":"https:\/\/chiliada.pl\/index.php\/wp-json\/wp\/v2\/product_cat?post=656"},{"taxonomy":"product_tag","embeddable":true,"href":"https:\/\/chiliada.pl\/index.php\/wp-json\/wp\/v2\/product_tag?post=656"}],"curies":[{"name":"wp","href":"https:\/\/api.w.org\/{rel}","templated":true}]}}