{"id":662,"date":"2023-06-13T15:27:20","date_gmt":"2023-06-13T13:27:20","guid":{"rendered":"https:\/\/chiliada.pl\/?post_type=product&#038;p=662"},"modified":"2024-04-15T00:54:20","modified_gmt":"2024-04-14T22:54:20","slug":"krotka-koszula-s","status":"publish","type":"product","link":"https:\/\/chiliada.pl\/index.php\/produkt\/krotka-koszula-s\/","title":{"rendered":"Kr\u00f3tka koszula crop top S Bik bok 100% bawe\u0142na"},"content":{"rendered":"","protected":false},"excerpt":{"rendered":"<p>UWAGA!<\/p>\n<p>Spodenki sprzedawane s\u0105 oddzielnie.<\/p>\n<p><strong>Wymiary podawane na p\u0142asko:<\/strong><\/p>\n<p>od pachy do pachy \u2013\u00a0 48 cm<\/p>\n<p>d\u0142ugo\u015b\u0107 ca\u0142kowita \u2013 44 cm<\/p>\n","protected":false},"featured_media":2480,"comment_status":"open","ping_status":"closed","template":"","meta":[],"product_brand":[],"product_cat":[334,35,19,42],"product_tag":[],"class_list":{"0":"post-662","1":"product","2":"type-product","3":"status-publish","4":"has-post-thumbnail","6":"product_cat-rozmiar-s","7":"product_cat-kategorie","8":"product_cat-ubrania-damskie","9":"product_cat-koszulki-i-topy","11":"first","12":"instock","13":"taxable","14":"shipping-taxable","15":"product-type-simple"},"_links":{"self":[{"href":"https:\/\/chiliada.pl\/index.php\/wp-json\/wp\/v2\/product\/662","targetHints":{"allow":["GET"]}}],"collection":[{"href":"https:\/\/chiliada.pl\/index.php\/wp-json\/wp\/v2\/product"}],"about":[{"href":"https:\/\/chiliada.pl\/index.php\/wp-json\/wp\/v2\/types\/product"}],"replies":[{"embeddable":true,"href":"https:\/\/chiliada.pl\/index.php\/wp-json\/wp\/v2\/comments?post=662"}],"wp:featuredmedia":[{"embeddable":true,"href":"https:\/\/chiliada.pl\/index.php\/wp-json\/wp\/v2\/media\/2480"}],"wp:attachment":[{"href":"https:\/\/chiliada.pl\/index.php\/wp-json\/wp\/v2\/media?parent=662"}],"wp:term":[{"taxonomy":"product_brand","embeddable":true,"href":"https:\/\/chiliada.pl\/index.php\/wp-json\/wp\/v2\/product_brand?post=662"},{"taxonomy":"product_cat","embeddable":true,"href":"https:\/\/chiliada.pl\/index.php\/wp-json\/wp\/v2\/product_cat?post=662"},{"taxonomy":"product_tag","embeddable":true,"href":"https:\/\/chiliada.pl\/index.php\/wp-json\/wp\/v2\/product_tag?post=662"}],"curies":[{"name":"wp","href":"https:\/\/api.w.org\/{rel}","templated":true}]}}