{"id":980,"date":"2023-06-28T10:33:38","date_gmt":"2023-06-28T08:33:38","guid":{"rendered":"https:\/\/chiliada.pl\/?post_type=product&#038;p=980"},"modified":"2024-04-15T00:50:00","modified_gmt":"2024-04-14T22:50:00","slug":"koszulka-na-ramiaczkach-l-marks-spencer","status":"publish","type":"product","link":"https:\/\/chiliada.pl\/index.php\/produkt\/koszulka-na-ramiaczkach-l-marks-spencer\/","title":{"rendered":"Koszulka na rami\u0105czkach L Marks &amp; Spencer 95% bawe\u0142na"},"content":{"rendered":"","protected":false},"excerpt":{"rendered":"<p>UWAGA!<\/p>\n<p>Spodenki sprzedawane s\u0105 osobno.<\/p>\n<p><strong>Wymiary podawane na p\u0142asko:<\/strong><\/p>\n<p>d\u0142ugo\u015b\u0107 ca\u0142kowita (bez rami\u0105czek)\u2013 41 cm<\/p>\n<p>od pachy do pachy \u2013 41\u00a0 cm<\/p>\n","protected":false},"featured_media":2498,"comment_status":"open","ping_status":"closed","template":"","meta":[],"product_brand":[],"product_cat":[336,35,19,42],"product_tag":[],"class_list":{"0":"post-980","1":"product","2":"type-product","3":"status-publish","4":"has-post-thumbnail","6":"product_cat-rozmiar-l","7":"product_cat-kategorie","8":"product_cat-ubrania-damskie","9":"product_cat-koszulki-i-topy","11":"first","12":"instock","13":"taxable","14":"shipping-taxable","15":"product-type-simple"},"_links":{"self":[{"href":"https:\/\/chiliada.pl\/index.php\/wp-json\/wp\/v2\/product\/980","targetHints":{"allow":["GET"]}}],"collection":[{"href":"https:\/\/chiliada.pl\/index.php\/wp-json\/wp\/v2\/product"}],"about":[{"href":"https:\/\/chiliada.pl\/index.php\/wp-json\/wp\/v2\/types\/product"}],"replies":[{"embeddable":true,"href":"https:\/\/chiliada.pl\/index.php\/wp-json\/wp\/v2\/comments?post=980"}],"wp:featuredmedia":[{"embeddable":true,"href":"https:\/\/chiliada.pl\/index.php\/wp-json\/wp\/v2\/media\/2498"}],"wp:attachment":[{"href":"https:\/\/chiliada.pl\/index.php\/wp-json\/wp\/v2\/media?parent=980"}],"wp:term":[{"taxonomy":"product_brand","embeddable":true,"href":"https:\/\/chiliada.pl\/index.php\/wp-json\/wp\/v2\/product_brand?post=980"},{"taxonomy":"product_cat","embeddable":true,"href":"https:\/\/chiliada.pl\/index.php\/wp-json\/wp\/v2\/product_cat?post=980"},{"taxonomy":"product_tag","embeddable":true,"href":"https:\/\/chiliada.pl\/index.php\/wp-json\/wp\/v2\/product_tag?post=980"}],"curies":[{"name":"wp","href":"https:\/\/api.w.org\/{rel}","templated":true}]}}